{"id":9008,"date":"2024-03-25T21:48:32","date_gmt":"2024-03-25T21:48:32","guid":{"rendered":"http:\/\/tucamisetasport.com\/?post_type=product&#038;p=9008"},"modified":"2024-03-25T21:48:33","modified_gmt":"2024-03-25T21:48:33","slug":"argentina-local-2024","status":"publish","type":"product","link":"https:\/\/tucamisetasport.com\/?product=argentina-local-2024","title":{"rendered":"ARGENTINA LOCAL 2024"},"content":{"rendered":"<p>V\u00edstete como un campe\u00f3n! La camiseta titular de Argentina. A lo largo de la historia del f\u00fatbol, la Albiceleste ha representado un juego y compromiso incomparables. Dise\u00f1ada para hinchas, ofrece comodidad en todo momento gracias a su tejido suave con tecnolog\u00eda de absorci\u00f3n AEROREADY. La insignia de campe\u00f3n del Mundo y la tercera estrella sobre el escudo confirman una victoria memorable. Hecho con materiales reciclados, este producto representa solo una de nuestras soluciones para ayudar a acabar con los residuos pl\u00e1sticos.<\/p>\n<p>&nbsp;<\/p>\n<p>DISPONIBLE DESDE LA TALLA S A LA 4XL<\/p>\n<p>VERSI\u00d3N FAN EN 34 USD<\/p>\n<p>VERSI\u00d3N PLAYER EN 42 USD<\/p>\n<p>DORSAL JUGADOR O PERSONALIZADO 8 USD<\/p>\n<p>PARCHES COPA AMERICA 10 USD &lt; ELIMINATORIAS 10 USD<\/p>\n<p>PARCHE CAMPE\u00d3N 5 USD<\/p>\n","protected":false},"excerpt":{"rendered":"<p>V\u00edstete como un campe\u00f3n! La camiseta titular de Argentina. A lo largo de la historia del f\u00fatbol, la Albiceleste ha representado un juego y compromiso incomparables. Dise\u00f1ada para hinchas, ofrece comodidad en todo momento gracias a su tejido suave con tecnolog\u00eda de absorci\u00f3n AEROREADY. La insignia de campe\u00f3n del Mundo y la tercera estrella sobre [&hellip;]<\/p>\n","protected":false},"featured_media":9010,"comment_status":"open","ping_status":"closed","template":"","meta":[],"product_brand":[],"product_cat":[232,277,19,229],"product_tag":[],"class_list":{"0":"post-9008","1":"product","2":"type-product","3":"status-publish","4":"has-post-thumbnail","6":"product_cat-argentina","7":"product_cat-copa-america-2024","8":"product_cat-futbol","9":"product_cat-selecciones","11":"first","12":"instock","13":"shipping-taxable","14":"purchasable","15":"product-type-simple"},"_links":{"self":[{"href":"https:\/\/tucamisetasport.com\/index.php?rest_route=\/wp\/v2\/product\/9008"}],"collection":[{"href":"https:\/\/tucamisetasport.com\/index.php?rest_route=\/wp\/v2\/product"}],"about":[{"href":"https:\/\/tucamisetasport.com\/index.php?rest_route=\/wp\/v2\/types\/product"}],"replies":[{"embeddable":true,"href":"https:\/\/tucamisetasport.com\/index.php?rest_route=%2Fwp%2Fv2%2Fcomments&post=9008"}],"wp:featuredmedia":[{"embeddable":true,"href":"https:\/\/tucamisetasport.com\/index.php?rest_route=\/wp\/v2\/media\/9010"}],"wp:attachment":[{"href":"https:\/\/tucamisetasport.com\/index.php?rest_route=%2Fwp%2Fv2%2Fmedia&parent=9008"}],"wp:term":[{"taxonomy":"product_brand","embeddable":true,"href":"https:\/\/tucamisetasport.com\/index.php?rest_route=%2Fwp%2Fv2%2Fproduct_brand&post=9008"},{"taxonomy":"product_cat","embeddable":true,"href":"https:\/\/tucamisetasport.com\/index.php?rest_route=%2Fwp%2Fv2%2Fproduct_cat&post=9008"},{"taxonomy":"product_tag","embeddable":true,"href":"https:\/\/tucamisetasport.com\/index.php?rest_route=%2Fwp%2Fv2%2Fproduct_tag&post=9008"}],"curies":[{"name":"wp","href":"https:\/\/api.w.org\/{rel}","templated":true}]}}