{"id":8802,"date":"2023-08-19T17:25:48","date_gmt":"2023-08-19T17:25:48","guid":{"rendered":"http:\/\/zgv.633.myftpupload.com\/?post_type=product&#038;p=8802"},"modified":"2023-08-19T17:25:49","modified_gmt":"2023-08-19T17:25:49","slug":"real-madrid-visitante-2023-2024","status":"publish","type":"product","link":"https:\/\/tucamisetasport.com\/?product=real-madrid-visitante-2023-2024","title":{"rendered":"REAL MADRID VISITANTE 2023-2024"},"content":{"rendered":"<p>DISPONIBLE DESDE LA TALLA S A LA 2XL<\/p>\n<p>DISPONIBLE EN VERSI\u00d3N FAN 34 USD<\/p>\n<p>DISPONIBLE EN VERSI\u00d3N PLAYER 42 USD<\/p>\n<p>PUEDE A\u00d1ADIRLE DORSAL (NOMBRE Y N\u00daMERO) POR 8 USD<\/p>\n<p>PREGUNTA POR LOS PARCHES<\/p>\n","protected":false},"excerpt":{"rendered":"<p>DISPONIBLE DESDE LA TALLA S A LA 2XL DISPONIBLE EN VERSI\u00d3N FAN 34 USD DISPONIBLE EN VERSI\u00d3N PLAYER 42 USD PUEDE A\u00d1ADIRLE DORSAL (NOMBRE Y N\u00daMERO) POR 8 USD PREGUNTA POR LOS PARCHES<\/p>\n","protected":false},"featured_media":8803,"comment_status":"open","ping_status":"closed","template":"","meta":[],"product_brand":[],"product_cat":[19,23,25],"product_tag":[],"class_list":{"0":"post-8802","1":"product","2":"type-product","3":"status-publish","4":"has-post-thumbnail","6":"product_cat-futbol","7":"product_cat-la-liga","8":"product_cat-real-madrid","10":"first","11":"instock","12":"shipping-taxable","13":"purchasable","14":"product-type-simple"},"_links":{"self":[{"href":"https:\/\/tucamisetasport.com\/index.php?rest_route=\/wp\/v2\/product\/8802"}],"collection":[{"href":"https:\/\/tucamisetasport.com\/index.php?rest_route=\/wp\/v2\/product"}],"about":[{"href":"https:\/\/tucamisetasport.com\/index.php?rest_route=\/wp\/v2\/types\/product"}],"replies":[{"embeddable":true,"href":"https:\/\/tucamisetasport.com\/index.php?rest_route=%2Fwp%2Fv2%2Fcomments&post=8802"}],"wp:featuredmedia":[{"embeddable":true,"href":"https:\/\/tucamisetasport.com\/index.php?rest_route=\/wp\/v2\/media\/8803"}],"wp:attachment":[{"href":"https:\/\/tucamisetasport.com\/index.php?rest_route=%2Fwp%2Fv2%2Fmedia&parent=8802"}],"wp:term":[{"taxonomy":"product_brand","embeddable":true,"href":"https:\/\/tucamisetasport.com\/index.php?rest_route=%2Fwp%2Fv2%2Fproduct_brand&post=8802"},{"taxonomy":"product_cat","embeddable":true,"href":"https:\/\/tucamisetasport.com\/index.php?rest_route=%2Fwp%2Fv2%2Fproduct_cat&post=8802"},{"taxonomy":"product_tag","embeddable":true,"href":"https:\/\/tucamisetasport.com\/index.php?rest_route=%2Fwp%2Fv2%2Fproduct_tag&post=8802"}],"curies":[{"name":"wp","href":"https:\/\/api.w.org\/{rel}","templated":true}]}}