{"id":8773,"date":"2023-08-19T16:52:36","date_gmt":"2023-08-19T16:52:36","guid":{"rendered":"http:\/\/zgv.633.myftpupload.com\/?post_type=product&#038;p=8773"},"modified":"2023-08-19T16:52:36","modified_gmt":"2023-08-19T16:52:36","slug":"real-madrid-edicion-retro-2019-2020","status":"publish","type":"product","link":"https:\/\/tucamisetasport.com\/?product=real-madrid-edicion-retro-2019-2020","title":{"rendered":"REAL MADRID EDICI\u00d3N RETRO 2019-2020"},"content":{"rendered":"<p>DISPONIBLE DESDE LA TALLA S A LA 2XL<\/p>\n<p>DISPONIBLE EN VERSI\u00d3N FAN RETRO EN 36 USD.<\/p>\n<p>PUEDE A\u00d1ADIRLE DORSAL (NOMBRE Y N\u00daMERO) POR 8 USD<\/p>\n<p>PREGUNTA POR LOS PARCHES<\/p>\n","protected":false},"excerpt":{"rendered":"<p>DISPONIBLE DESDE LA TALLA S A LA 2XL DISPONIBLE EN VERSI\u00d3N FAN RETRO EN 36 USD. PUEDE A\u00d1ADIRLE DORSAL (NOMBRE Y N\u00daMERO) POR 8 USD PREGUNTA POR LOS PARCHES<\/p>\n","protected":false},"featured_media":8774,"comment_status":"open","ping_status":"closed","template":"","meta":[],"product_brand":[],"product_cat":[19,23,25],"product_tag":[],"class_list":{"0":"post-8773","1":"product","2":"type-product","3":"status-publish","4":"has-post-thumbnail","6":"product_cat-futbol","7":"product_cat-la-liga","8":"product_cat-real-madrid","10":"first","11":"instock","12":"shipping-taxable","13":"purchasable","14":"product-type-simple"},"_links":{"self":[{"href":"https:\/\/tucamisetasport.com\/index.php?rest_route=\/wp\/v2\/product\/8773"}],"collection":[{"href":"https:\/\/tucamisetasport.com\/index.php?rest_route=\/wp\/v2\/product"}],"about":[{"href":"https:\/\/tucamisetasport.com\/index.php?rest_route=\/wp\/v2\/types\/product"}],"replies":[{"embeddable":true,"href":"https:\/\/tucamisetasport.com\/index.php?rest_route=%2Fwp%2Fv2%2Fcomments&post=8773"}],"wp:featuredmedia":[{"embeddable":true,"href":"https:\/\/tucamisetasport.com\/index.php?rest_route=\/wp\/v2\/media\/8774"}],"wp:attachment":[{"href":"https:\/\/tucamisetasport.com\/index.php?rest_route=%2Fwp%2Fv2%2Fmedia&parent=8773"}],"wp:term":[{"taxonomy":"product_brand","embeddable":true,"href":"https:\/\/tucamisetasport.com\/index.php?rest_route=%2Fwp%2Fv2%2Fproduct_brand&post=8773"},{"taxonomy":"product_cat","embeddable":true,"href":"https:\/\/tucamisetasport.com\/index.php?rest_route=%2Fwp%2Fv2%2Fproduct_cat&post=8773"},{"taxonomy":"product_tag","embeddable":true,"href":"https:\/\/tucamisetasport.com\/index.php?rest_route=%2Fwp%2Fv2%2Fproduct_tag&post=8773"}],"curies":[{"name":"wp","href":"https:\/\/api.w.org\/{rel}","templated":true}]}}