{"id":8629,"date":"2023-07-23T16:05:48","date_gmt":"2023-07-23T16:05:48","guid":{"rendered":"http:\/\/zgv.633.myftpupload.com\/?post_type=product&#038;p=8629"},"modified":"2023-07-23T16:05:49","modified_gmt":"2023-07-23T16:05:49","slug":"juventus-local-2023-2024","status":"publish","type":"product","link":"https:\/\/tucamisetasport.com\/?product=juventus-local-2023-2024","title":{"rendered":"JUVENTUS LOCAL 2023-2024"},"content":{"rendered":"<p>El dise\u00f1o de Hero to the shirt es una celebraci\u00f3n de las inconfundibles rayas blancas y negras de la Juventus, que evocan instant\u00e1neamente una sensaci\u00f3n de orgullo y unidad entre el jugador y los fan\u00e1ticos. El patr\u00f3n, que desde 1903 ha sido una abreviatura visual del club, se recodific\u00f3 esta temporada a partir del patr\u00f3n triangular anterior y se volvi\u00f3 a contar a trav\u00e9s del acabado de trazo cepillado que reproduce el patr\u00f3n \u00fanico de una cebra. La t\u00e9cnica se aplica para evocar la individualidad y el arte de los jugadores en el campo, mientras que el gui\u00f1o ir\u00f3nico a las marcas de cebra igualmente ic\u00f3nicas habla del instante, impactante de las rayas blancas y negras.<br \/>\nEl atrevido gr\u00e1fico integral que se encuentra en todas las versiones de la camiseta se completa con detalles amarillos en contraste. El color, que se inspira en las camisetas ic\u00f3nicas del pasado, se presenta en partes clave del producto, desde el escudo, las marcas de los patrocinadores y las tres franjas que adornan los hombros, creando una camiseta arraigada en la herencia del club, pero inconfundiblemente moderna por dise\u00f1o.<\/p>\n<p>&nbsp;<\/p>\n<p>DISPONIBLE DESDE LA TALLA S A LA 2XL<\/p>\n<p>DISPONIBLE EN VERSI\u00d3N FAN 34 USD<\/p>\n<p>DISPONIBLE EN VERSI\u00d3N PLAYER 42 USD<\/p>\n<p>PUEDE A\u00d1ADIRLE DORSAL (NOMBRE Y N\u00daMERO) POR 8 USD<\/p>\n<p>PREGUNTA POR LOS PARCHES<\/p>\n","protected":false},"excerpt":{"rendered":"<p>El dise\u00f1o de Hero to the shirt es una celebraci\u00f3n de las inconfundibles rayas blancas y negras de la Juventus, que evocan instant\u00e1neamente una sensaci\u00f3n de orgullo y unidad entre el jugador y los fan\u00e1ticos. El patr\u00f3n, que desde 1903 ha sido una abreviatura visual del club, se recodific\u00f3 esta temporada a partir del patr\u00f3n [&hellip;]<\/p>\n","protected":false},"featured_media":8630,"comment_status":"open","ping_status":"closed","template":"","meta":[],"product_brand":[],"product_cat":[19,78,57],"product_tag":[],"class_list":{"0":"post-8629","1":"product","2":"type-product","3":"status-publish","4":"has-post-thumbnail","6":"product_cat-futbol","7":"product_cat-juventus","8":"product_cat-serie-a","10":"first","11":"instock","12":"shipping-taxable","13":"purchasable","14":"product-type-simple"},"_links":{"self":[{"href":"https:\/\/tucamisetasport.com\/index.php?rest_route=\/wp\/v2\/product\/8629"}],"collection":[{"href":"https:\/\/tucamisetasport.com\/index.php?rest_route=\/wp\/v2\/product"}],"about":[{"href":"https:\/\/tucamisetasport.com\/index.php?rest_route=\/wp\/v2\/types\/product"}],"replies":[{"embeddable":true,"href":"https:\/\/tucamisetasport.com\/index.php?rest_route=%2Fwp%2Fv2%2Fcomments&post=8629"}],"wp:featuredmedia":[{"embeddable":true,"href":"https:\/\/tucamisetasport.com\/index.php?rest_route=\/wp\/v2\/media\/8630"}],"wp:attachment":[{"href":"https:\/\/tucamisetasport.com\/index.php?rest_route=%2Fwp%2Fv2%2Fmedia&parent=8629"}],"wp:term":[{"taxonomy":"product_brand","embeddable":true,"href":"https:\/\/tucamisetasport.com\/index.php?rest_route=%2Fwp%2Fv2%2Fproduct_brand&post=8629"},{"taxonomy":"product_cat","embeddable":true,"href":"https:\/\/tucamisetasport.com\/index.php?rest_route=%2Fwp%2Fv2%2Fproduct_cat&post=8629"},{"taxonomy":"product_tag","embeddable":true,"href":"https:\/\/tucamisetasport.com\/index.php?rest_route=%2Fwp%2Fv2%2Fproduct_tag&post=8629"}],"curies":[{"name":"wp","href":"https:\/\/api.w.org\/{rel}","templated":true}]}}