{"id":8559,"date":"2023-07-02T18:54:13","date_gmt":"2023-07-02T18:54:13","guid":{"rendered":"http:\/\/zgv.633.myftpupload.com\/?post_type=product&#038;p=8559"},"modified":"2023-07-02T18:54:14","modified_gmt":"2023-07-02T18:54:14","slug":"paris-saint-germain-visitante-2023-2024","status":"publish","type":"product","link":"https:\/\/tucamisetasport.com\/?product=paris-saint-germain-visitante-2023-2024","title":{"rendered":"PARIS SAINT GERMAIN VISITANTE 2023-2024"},"content":{"rendered":"<p>Esta camiseta es id\u00e9ntica a la que usan los jugadores del PSG durante los partidos. Audaz, la t\u00fanica blanca parisina revisita los colores tradicionales del Club. Con un efecto de prisma que fusiona el tradicional rojo y azul parisino en una franja de colores intensos, el maillot contrasta fuertemente con el brillo luminoso del blanco y ser\u00e1 el activo perfecto para brillar en los c\u00e9spedes de Francia y Europa. El escudo emblem\u00e1tico del Paris Saint-Germain combina los colores del Club con los s\u00edmbolos atemporales de Par\u00eds: la Torre Eiffel y la Flor de Lys. La tecnolog\u00eda Dri-FIT ADV combina detalles aut\u00e9nticos con un tejido ligero de secado r\u00e1pido para ofrecer la m\u00e1xima frescura y comodidad durante el ejercicio. La insignia GOAT en la manga se incluye con la versi\u00f3n fan y player.<\/p>\n<p>&nbsp;<\/p>\n<p>DISPONIBLE DESDE LA TALLA S A LA 2XL<\/p>\n<p>DISPONIBLE EN VERSI\u00d3N FAN 34 USD<\/p>\n<p>DISPONIBLE EN VERSI\u00d3N PLAYER 42 USD<\/p>\n<p>PUEDE A\u00d1ADIRLE DORSAL (NOMBRE Y N\u00daMERO) POR 8 USD<\/p>\n<p>PREGUNTA POR LOS PARCHES<\/p>\n","protected":false},"excerpt":{"rendered":"<p>Esta camiseta es id\u00e9ntica a la que usan los jugadores del PSG durante los partidos. Audaz, la t\u00fanica blanca parisina revisita los colores tradicionales del Club. Con un efecto de prisma que fusiona el tradicional rojo y azul parisino en una franja de colores intensos, el maillot contrasta fuertemente con el brillo luminoso del blanco [&hellip;]<\/p>\n","protected":false},"featured_media":8560,"comment_status":"open","ping_status":"closed","template":"","meta":[],"product_brand":[],"product_cat":[19,58,67],"product_tag":[],"class_list":{"0":"post-8559","1":"product","2":"type-product","3":"status-publish","4":"has-post-thumbnail","6":"product_cat-futbol","7":"product_cat-ligue-1","8":"product_cat-paris-saint-germain","10":"first","11":"instock","12":"shipping-taxable","13":"purchasable","14":"product-type-simple"},"_links":{"self":[{"href":"https:\/\/tucamisetasport.com\/index.php?rest_route=\/wp\/v2\/product\/8559"}],"collection":[{"href":"https:\/\/tucamisetasport.com\/index.php?rest_route=\/wp\/v2\/product"}],"about":[{"href":"https:\/\/tucamisetasport.com\/index.php?rest_route=\/wp\/v2\/types\/product"}],"replies":[{"embeddable":true,"href":"https:\/\/tucamisetasport.com\/index.php?rest_route=%2Fwp%2Fv2%2Fcomments&post=8559"}],"wp:featuredmedia":[{"embeddable":true,"href":"https:\/\/tucamisetasport.com\/index.php?rest_route=\/wp\/v2\/media\/8560"}],"wp:attachment":[{"href":"https:\/\/tucamisetasport.com\/index.php?rest_route=%2Fwp%2Fv2%2Fmedia&parent=8559"}],"wp:term":[{"taxonomy":"product_brand","embeddable":true,"href":"https:\/\/tucamisetasport.com\/index.php?rest_route=%2Fwp%2Fv2%2Fproduct_brand&post=8559"},{"taxonomy":"product_cat","embeddable":true,"href":"https:\/\/tucamisetasport.com\/index.php?rest_route=%2Fwp%2Fv2%2Fproduct_cat&post=8559"},{"taxonomy":"product_tag","embeddable":true,"href":"https:\/\/tucamisetasport.com\/index.php?rest_route=%2Fwp%2Fv2%2Fproduct_tag&post=8559"}],"curies":[{"name":"wp","href":"https:\/\/api.w.org\/{rel}","templated":true}]}}