{"id":8047,"date":"2023-06-04T19:58:05","date_gmt":"2023-06-04T19:58:05","guid":{"rendered":"http:\/\/zgv.633.myftpupload.com\/?post_type=product&#038;p=8047"},"modified":"2023-06-04T19:58:05","modified_gmt":"2023-06-04T19:58:05","slug":"manchester-city-local-2023-2024","status":"publish","type":"product","link":"https:\/\/tucamisetasport.com\/?product=manchester-city-local-2023-2024","title":{"rendered":"MANCHESTER CITY LOCAL 2023-2024"},"content":{"rendered":"<p>Con el Manchester City 2023\/24 Home Kit, celebramos el 20 aniversario del City en el Etihad Stadium y todos aquellos que lo llaman hogar. Inspirado en las pasarelas del estadio y la camiseta que se us\u00f3 durante la temporada inaugural. Con el escudo del club y el logo de PUMA Cat en el pecho. Dise\u00f1ado con un moderno cuello en V y ejecutado en una sofisticada silueta cl\u00e1sica de manga corta. Los detalles incluyen las palabras CITY bordadas en la parte posterior del cuello y el estampado del estadio Etihad en el interior del cuello. Si\u00e9ntete como en casa con la camiseta de local del Man City de la temporada 2023\/24.<\/p>\n<p>&nbsp;<\/p>\n<p>DISPONIBLE DESDE LA TALLA S A LA 2XL<\/p>\n<p>DISPONIBLE EN VERSI\u00d3N FAN 34 USD<\/p>\n<p>DISPONIBLE EN VERSI\u00d3N PLAYER 42 USD<\/p>\n<p>PUEDE A\u00d1ADIRLE DORSAL (NOMBRE Y N\u00daMERO) POR 8 USD<\/p>\n<p>PREGUNTA POR LOS PARCHES<\/p>\n","protected":false},"excerpt":{"rendered":"<p>Con el Manchester City 2023\/24 Home Kit, celebramos el 20 aniversario del City en el Etihad Stadium y todos aquellos que lo llaman hogar. Inspirado en las pasarelas del estadio y la camiseta que se us\u00f3 durante la temporada inaugural. Con el escudo del club y el logo de PUMA Cat en el pecho. Dise\u00f1ado [&hellip;]<\/p>\n","protected":false},"featured_media":8048,"comment_status":"open","ping_status":"closed","template":"","meta":[],"product_brand":[],"product_cat":[21,19,53],"product_tag":[],"class_list":{"0":"post-8047","1":"product","2":"type-product","3":"status-publish","4":"has-post-thumbnail","6":"product_cat-barclays","7":"product_cat-futbol","8":"product_cat-manchester-city","10":"first","11":"instock","12":"shipping-taxable","13":"purchasable","14":"product-type-simple"},"_links":{"self":[{"href":"https:\/\/tucamisetasport.com\/index.php?rest_route=\/wp\/v2\/product\/8047"}],"collection":[{"href":"https:\/\/tucamisetasport.com\/index.php?rest_route=\/wp\/v2\/product"}],"about":[{"href":"https:\/\/tucamisetasport.com\/index.php?rest_route=\/wp\/v2\/types\/product"}],"replies":[{"embeddable":true,"href":"https:\/\/tucamisetasport.com\/index.php?rest_route=%2Fwp%2Fv2%2Fcomments&post=8047"}],"wp:featuredmedia":[{"embeddable":true,"href":"https:\/\/tucamisetasport.com\/index.php?rest_route=\/wp\/v2\/media\/8048"}],"wp:attachment":[{"href":"https:\/\/tucamisetasport.com\/index.php?rest_route=%2Fwp%2Fv2%2Fmedia&parent=8047"}],"wp:term":[{"taxonomy":"product_brand","embeddable":true,"href":"https:\/\/tucamisetasport.com\/index.php?rest_route=%2Fwp%2Fv2%2Fproduct_brand&post=8047"},{"taxonomy":"product_cat","embeddable":true,"href":"https:\/\/tucamisetasport.com\/index.php?rest_route=%2Fwp%2Fv2%2Fproduct_cat&post=8047"},{"taxonomy":"product_tag","embeddable":true,"href":"https:\/\/tucamisetasport.com\/index.php?rest_route=%2Fwp%2Fv2%2Fproduct_tag&post=8047"}],"curies":[{"name":"wp","href":"https:\/\/api.w.org\/{rel}","templated":true}]}}