{"id":7918,"date":"2023-06-04T15:28:10","date_gmt":"2023-06-04T15:28:10","guid":{"rendered":"http:\/\/zgv.633.myftpupload.com\/?post_type=product&#038;p=7918"},"modified":"2023-06-04T15:28:10","modified_gmt":"2023-06-04T15:28:10","slug":"olympique-de-lyon-local-2023-2024","status":"publish","type":"product","link":"https:\/\/tucamisetasport.com\/?product=olympique-de-lyon-local-2023-2024","title":{"rendered":"OLYMPIQUE DE LYON LOCAL 2023-2024"},"content":{"rendered":"<p>Adidas y el Olympique Lyonnais se enorgullecen de presentar la camiseta de local del club para la temporada 23-24. Esta camiseta es un aut\u00e9ntico homenaje al saber hacer ya la transmisi\u00f3n.<\/p>\n<p>Combinando colores tradicionales y referencias emblem\u00e1ticas al patrimonio gastron\u00f3mico de la ciudad de Lyon, esta nueva camiseta destaca los valores comunes que unen al club y la capital de la gastronom\u00eda desde su creaci\u00f3n hace m\u00e1s de 70 a\u00f1os.<\/p>\n<p>La identidad del club est\u00e1 representada por las finas l\u00edneas verticales rojas y azules en la parte delantera de la camiseta, personificando sus ra\u00edces en un territorio de confluencias lleno de historia. El cuello tricolor, que luce los colores emblem\u00e1ticos del club, evoca a los chefs que encarnan la gastronom\u00eda lionesa y transmiten su saber hacer a las generaciones m\u00e1s j\u00f3venes. La transmisi\u00f3n tambi\u00e9n es uno de los pilares de la cantera del club.<\/p>\n<p>Los detalles dorados y el piqu\u00e9 de gama alta del material recuerdan la calidad del programa de educaci\u00f3n y formaci\u00f3n y la b\u00fasqueda permanente de la excelencia.<\/p>\n<p>Las elecciones en t\u00e9rminos de dise\u00f1o, materiales y colores reflejan la ambici\u00f3n compartida de Olympique Lyonnais y adidas de resaltar el aprendizaje y la transmisi\u00f3n que dan forma a los talentos del ma\u00f1ana. La nueva camiseta celebra a los jugadores del club que har\u00e1n historia bajo la mirada de sus entrenadores, las leyendas de OL y toda la gente de Lyon.<\/p>\n<p>&nbsp;<\/p>\n<p>DISPONIBLE DESDE LA TALLA S A LA 2XL<\/p>\n<p>DISPONIBLE EN VERSI\u00d3N FAN 34 USD<\/p>\n<p>DISPONIBLE EN VERSI\u00d3N PLAYER 42 USD<\/p>\n<p>PUEDE A\u00d1ADIRLE DORSAL (NOMBRE Y N\u00daMERO) POR 8 USD<\/p>\n<p>PREGUNTA POR LOS PARCHES<\/p>\n","protected":false},"excerpt":{"rendered":"<p>Adidas y el Olympique Lyonnais se enorgullecen de presentar la camiseta de local del club para la temporada 23-24. Esta camiseta es un aut\u00e9ntico homenaje al saber hacer ya la transmisi\u00f3n. Combinando colores tradicionales y referencias emblem\u00e1ticas al patrimonio gastron\u00f3mico de la ciudad de Lyon, esta nueva camiseta destaca los valores comunes que unen al [&hellip;]<\/p>\n","protected":false},"featured_media":7919,"comment_status":"open","ping_status":"closed","template":"","meta":[],"product_brand":[],"product_cat":[19,58,66],"product_tag":[],"class_list":{"0":"post-7918","1":"product","2":"type-product","3":"status-publish","4":"has-post-thumbnail","6":"product_cat-futbol","7":"product_cat-ligue-1","8":"product_cat-olympique-de-lyon","10":"first","11":"instock","12":"shipping-taxable","13":"purchasable","14":"product-type-simple"},"_links":{"self":[{"href":"https:\/\/tucamisetasport.com\/index.php?rest_route=\/wp\/v2\/product\/7918"}],"collection":[{"href":"https:\/\/tucamisetasport.com\/index.php?rest_route=\/wp\/v2\/product"}],"about":[{"href":"https:\/\/tucamisetasport.com\/index.php?rest_route=\/wp\/v2\/types\/product"}],"replies":[{"embeddable":true,"href":"https:\/\/tucamisetasport.com\/index.php?rest_route=%2Fwp%2Fv2%2Fcomments&post=7918"}],"wp:featuredmedia":[{"embeddable":true,"href":"https:\/\/tucamisetasport.com\/index.php?rest_route=\/wp\/v2\/media\/7919"}],"wp:attachment":[{"href":"https:\/\/tucamisetasport.com\/index.php?rest_route=%2Fwp%2Fv2%2Fmedia&parent=7918"}],"wp:term":[{"taxonomy":"product_brand","embeddable":true,"href":"https:\/\/tucamisetasport.com\/index.php?rest_route=%2Fwp%2Fv2%2Fproduct_brand&post=7918"},{"taxonomy":"product_cat","embeddable":true,"href":"https:\/\/tucamisetasport.com\/index.php?rest_route=%2Fwp%2Fv2%2Fproduct_cat&post=7918"},{"taxonomy":"product_tag","embeddable":true,"href":"https:\/\/tucamisetasport.com\/index.php?rest_route=%2Fwp%2Fv2%2Fproduct_tag&post=7918"}],"curies":[{"name":"wp","href":"https:\/\/api.w.org\/{rel}","templated":true}]}}