{"id":7890,"date":"2023-06-03T20:57:58","date_gmt":"2023-06-03T20:57:58","guid":{"rendered":"http:\/\/zgv.633.myftpupload.com\/?post_type=product&#038;p=7890"},"modified":"2023-06-03T21:01:45","modified_gmt":"2023-06-03T21:01:45","slug":"7890","status":"publish","type":"product","link":"https:\/\/tucamisetasport.com\/?product=7890","title":{"rendered":"CAMISETA PSG LOCAL 2023-2024"},"content":{"rendered":"<p>Rindiendo homenaje al dise\u00f1o cl\u00e1sico del PSG, el kit para el local 2023\/24 actualiza el kit de principios de la d\u00e9cada de 2000 con un toque contempor\u00e1neo. Las famosas rayas rojas y blancas del Paris Saint-Germain se desvanecen en el azul de la camiseta y est\u00e1n inspiradas en los rayos de luz que componen la belleza de Par\u00eds. El tricolor tambi\u00e9n est\u00e1 en la camiseta y subraya la posici\u00f3n del club como el club de f\u00fatbol l\u00edder del pa\u00eds, cuya influencia va mucho m\u00e1s all\u00e1 de la capital francesa. Est\u00e1 dise\u00f1ado con un tejido absorbente de sudor para mantenerse seco durante el ejercicio. La insignia GOAT en la manga se incluye con la opci\u00f3n Players y Fan.<\/p>\n<p>DISPONIBLE DESDE LA TALLA S A LA 2XL<\/p>\n<p>DISPONIBLE EN VERSI\u00d3N FAN 34 USD<\/p>\n<p>DISPONIBLE EN VERSI\u00d3N PLAYER 42 USD<\/p>\n<p>PUEDE A\u00d1ADIRLE DORSAL (NOMBRE Y N\u00daMERO) POR 8 USD<\/p>\n<p>PREGUNTA POR LOS PARCHES<\/p>\n","protected":false},"excerpt":{"rendered":"<p>Rindiendo homenaje al dise\u00f1o cl\u00e1sico del PSG, el kit para el local 2023\/24 actualiza el kit de principios de la d\u00e9cada de 2000 con un toque contempor\u00e1neo. Las famosas rayas rojas y blancas del Paris Saint-Germain se desvanecen en el azul de la camiseta y est\u00e1n inspiradas en los rayos de luz que componen la [&hellip;]<\/p>\n","protected":false},"featured_media":7891,"comment_status":"open","ping_status":"closed","template":"","meta":[],"product_brand":[],"product_cat":[19,58,67],"product_tag":[],"class_list":{"0":"post-7890","1":"product","2":"type-product","3":"status-publish","4":"has-post-thumbnail","6":"product_cat-futbol","7":"product_cat-ligue-1","8":"product_cat-paris-saint-germain","10":"first","11":"instock","12":"shipping-taxable","13":"purchasable","14":"product-type-simple"},"_links":{"self":[{"href":"https:\/\/tucamisetasport.com\/index.php?rest_route=\/wp\/v2\/product\/7890"}],"collection":[{"href":"https:\/\/tucamisetasport.com\/index.php?rest_route=\/wp\/v2\/product"}],"about":[{"href":"https:\/\/tucamisetasport.com\/index.php?rest_route=\/wp\/v2\/types\/product"}],"replies":[{"embeddable":true,"href":"https:\/\/tucamisetasport.com\/index.php?rest_route=%2Fwp%2Fv2%2Fcomments&post=7890"}],"wp:featuredmedia":[{"embeddable":true,"href":"https:\/\/tucamisetasport.com\/index.php?rest_route=\/wp\/v2\/media\/7891"}],"wp:attachment":[{"href":"https:\/\/tucamisetasport.com\/index.php?rest_route=%2Fwp%2Fv2%2Fmedia&parent=7890"}],"wp:term":[{"taxonomy":"product_brand","embeddable":true,"href":"https:\/\/tucamisetasport.com\/index.php?rest_route=%2Fwp%2Fv2%2Fproduct_brand&post=7890"},{"taxonomy":"product_cat","embeddable":true,"href":"https:\/\/tucamisetasport.com\/index.php?rest_route=%2Fwp%2Fv2%2Fproduct_cat&post=7890"},{"taxonomy":"product_tag","embeddable":true,"href":"https:\/\/tucamisetasport.com\/index.php?rest_route=%2Fwp%2Fv2%2Fproduct_tag&post=7890"}],"curies":[{"name":"wp","href":"https:\/\/api.w.org\/{rel}","templated":true}]}}