{"id":7740,"date":"2023-05-26T21:08:04","date_gmt":"2023-05-26T21:08:04","guid":{"rendered":"http:\/\/zgv.633.myftpupload.com\/?post_type=product&#038;p=7740"},"modified":"2023-06-03T20:07:35","modified_gmt":"2023-06-03T20:07:35","slug":"arsenal-local-2023-2024","status":"publish","type":"product","link":"https:\/\/tucamisetasport.com\/?product=arsenal-local-2023-2024","title":{"rendered":"ARSENAL LOCAL 2023-2024"},"content":{"rendered":"<p>El legado del Arsenal recibe una actualizaci\u00f3n moderna con la camiseta de local Arsenal 23\/24. Celebrando el 20.\u00ba aniversario de la temporada de los Invencibles, esta camiseta de local 23\/24 viene en un nuevo tono de rojo brillante adornado con rayos y detalles dorados para una versi\u00f3n sofisticada de un kit cl\u00e1sico. Confeccionado con poli\u00e9ster reciclado transpirable, cuenta con un escudo del Club bordado, paneles laterales de malla y tecnolog\u00eda AEROREADY que absorbe la humedad para facilitar el d\u00eda a d\u00eda durante todo el d\u00eda, al estilo del Arsenal.<\/p>\n<p>Esta camiseta de local est\u00e1 confeccionada con materiales reciclados como parte de nuestra ambici\u00f3n de ayudar a acabar con los residuos pl\u00e1sticos.<\/p>\n<p>Hazlo tuyo con el nombre y el n\u00famero de tu elecci\u00f3n impresos en la parte posterior. Tu camiseta, a tu manera.<\/p>\n<p>Para experimentar el ajuste aut\u00e9ntico del jugador, incluidas las caracter\u00edsticas exclusivas y la tecnolog\u00eda deportiva innovadora, dir\u00edjase a la 23\/24 Authentic Home Shirt.<\/p>\n<p>escudo del club bordado<br \/>\nAjustado<br \/>\ncuello acanalado<br \/>\nInserciones laterales de malla<br \/>\nPu\u00f1os acanalados<br \/>\nTecnolog\u00eda AEROREADY que absorbe la humedad<\/p>\n<div class=\"woocommerce-tabs wc-tabs-wrapper\">\n<div id=\"tab-description\" class=\"woocommerce-Tabs-panel woocommerce-Tabs-panel--description panel entry-content wc-tab\" role=\"tabpanel\" aria-labelledby=\"tab-title-description\">\n<p>DISPONIBLE DESDE LA TALLA S A LA 2XL.<\/p>\n<p>VERSI\u00d3N FAN 34 USD<\/p>\n<p>VERSI\u00d3N PLAYER 42 USD<\/p>\n<p>VERSI\u00d3N RETRO 36 USD<\/p>\n<p>DORSAL (NOMBRE + N\u00daMERO) 8 USD<\/p>\n<p>PREGUNTA POR PARCHES<\/p>\n<\/div>\n<\/div>\n","protected":false},"excerpt":{"rendered":"<p>El legado del Arsenal recibe una actualizaci\u00f3n moderna con la camiseta de local Arsenal 23\/24. Celebrando el 20.\u00ba aniversario de la temporada de los Invencibles, esta camiseta de local 23\/24 viene en un nuevo tono de rojo brillante adornado con rayos y detalles dorados para una versi\u00f3n sofisticada de un kit cl\u00e1sico. Confeccionado con poli\u00e9ster [&hellip;]<\/p>\n","protected":false},"featured_media":7834,"comment_status":"open","ping_status":"closed","template":"","meta":[],"product_brand":[],"product_cat":[22,21,19],"product_tag":[],"class_list":{"0":"post-7740","1":"product","2":"type-product","3":"status-publish","4":"has-post-thumbnail","6":"product_cat-arsenal","7":"product_cat-barclays","8":"product_cat-futbol","10":"first","11":"instock","12":"shipping-taxable","13":"purchasable","14":"product-type-simple"},"_links":{"self":[{"href":"https:\/\/tucamisetasport.com\/index.php?rest_route=\/wp\/v2\/product\/7740"}],"collection":[{"href":"https:\/\/tucamisetasport.com\/index.php?rest_route=\/wp\/v2\/product"}],"about":[{"href":"https:\/\/tucamisetasport.com\/index.php?rest_route=\/wp\/v2\/types\/product"}],"replies":[{"embeddable":true,"href":"https:\/\/tucamisetasport.com\/index.php?rest_route=%2Fwp%2Fv2%2Fcomments&post=7740"}],"wp:featuredmedia":[{"embeddable":true,"href":"https:\/\/tucamisetasport.com\/index.php?rest_route=\/wp\/v2\/media\/7834"}],"wp:attachment":[{"href":"https:\/\/tucamisetasport.com\/index.php?rest_route=%2Fwp%2Fv2%2Fmedia&parent=7740"}],"wp:term":[{"taxonomy":"product_brand","embeddable":true,"href":"https:\/\/tucamisetasport.com\/index.php?rest_route=%2Fwp%2Fv2%2Fproduct_brand&post=7740"},{"taxonomy":"product_cat","embeddable":true,"href":"https:\/\/tucamisetasport.com\/index.php?rest_route=%2Fwp%2Fv2%2Fproduct_cat&post=7740"},{"taxonomy":"product_tag","embeddable":true,"href":"https:\/\/tucamisetasport.com\/index.php?rest_route=%2Fwp%2Fv2%2Fproduct_tag&post=7740"}],"curies":[{"name":"wp","href":"https:\/\/api.w.org\/{rel}","templated":true}]}}