{"id":7597,"date":"2023-01-21T22:01:49","date_gmt":"2023-01-21T22:01:49","guid":{"rendered":"http:\/\/zgv.633.myftpupload.com\/?post_type=product&#038;p=7597"},"modified":"2023-01-21T22:01:50","modified_gmt":"2023-01-21T22:01:50","slug":"leicester-city-visitante-2023","status":"publish","type":"product","link":"https:\/\/tucamisetasport.com\/?product=leicester-city-visitante-2023","title":{"rendered":"LEICESTER CITY VISITANTE 2023"},"content":{"rendered":"<p>DISPONIBLE DESDE LA TALLA S A LA 2XL.<\/p>\n<p>VERSI\u00d3N FAN 34 USD<\/p>\n<p>VERSI\u00d3N PLAYER 42 USD<\/p>\n<p>VERSI\u00d3N RETRO 36 USD<\/p>\n<p>DORSAL (NOMBRE + N\u00daMERO) 8 USD<\/p>\n<p>PREGUNTA POR PARCHES<\/p>\n","protected":false},"excerpt":{"rendered":"<p>DISPONIBLE DESDE LA TALLA S A LA 2XL. VERSI\u00d3N FAN 34 USD VERSI\u00d3N PLAYER 42 USD VERSI\u00d3N RETRO 36 USD DORSAL (NOMBRE + N\u00daMERO) 8 USD PREGUNTA POR PARCHES<\/p>\n","protected":false},"featured_media":7598,"comment_status":"open","ping_status":"closed","template":"","meta":[],"product_brand":[],"product_cat":[21,19,51],"product_tag":[],"class_list":{"0":"post-7597","1":"product","2":"type-product","3":"status-publish","4":"has-post-thumbnail","6":"product_cat-barclays","7":"product_cat-futbol","8":"product_cat-leicester-city","10":"first","11":"instock","12":"shipping-taxable","13":"purchasable","14":"product-type-simple"},"_links":{"self":[{"href":"https:\/\/tucamisetasport.com\/index.php?rest_route=\/wp\/v2\/product\/7597"}],"collection":[{"href":"https:\/\/tucamisetasport.com\/index.php?rest_route=\/wp\/v2\/product"}],"about":[{"href":"https:\/\/tucamisetasport.com\/index.php?rest_route=\/wp\/v2\/types\/product"}],"replies":[{"embeddable":true,"href":"https:\/\/tucamisetasport.com\/index.php?rest_route=%2Fwp%2Fv2%2Fcomments&post=7597"}],"wp:featuredmedia":[{"embeddable":true,"href":"https:\/\/tucamisetasport.com\/index.php?rest_route=\/wp\/v2\/media\/7598"}],"wp:attachment":[{"href":"https:\/\/tucamisetasport.com\/index.php?rest_route=%2Fwp%2Fv2%2Fmedia&parent=7597"}],"wp:term":[{"taxonomy":"product_brand","embeddable":true,"href":"https:\/\/tucamisetasport.com\/index.php?rest_route=%2Fwp%2Fv2%2Fproduct_brand&post=7597"},{"taxonomy":"product_cat","embeddable":true,"href":"https:\/\/tucamisetasport.com\/index.php?rest_route=%2Fwp%2Fv2%2Fproduct_cat&post=7597"},{"taxonomy":"product_tag","embeddable":true,"href":"https:\/\/tucamisetasport.com\/index.php?rest_route=%2Fwp%2Fv2%2Fproduct_tag&post=7597"}],"curies":[{"name":"wp","href":"https:\/\/api.w.org\/{rel}","templated":true}]}}