{"id":7435,"date":"2022-09-25T14:53:39","date_gmt":"2022-09-25T14:53:39","guid":{"rendered":"http:\/\/x6c.fb9.myftpupload.com\/?post_type=product&#038;p=7435"},"modified":"2022-09-25T14:53:40","modified_gmt":"2022-09-25T14:53:40","slug":"estados-unidos-visitante-world-cup-2022","status":"publish","type":"product","link":"https:\/\/tucamisetasport.com\/?product=estados-unidos-visitante-world-cup-2022","title":{"rendered":"ESTADOS UNIDOS VISITANTE WORLD CUP 2022"},"content":{"rendered":"<div class=\"woocommerce-tabs wc-tabs-wrapper\">\n<div id=\"tab-description\" class=\"woocommerce-Tabs-panel woocommerce-Tabs-panel--description panel entry-content wc-tab\" role=\"tabpanel\" aria-labelledby=\"tab-title-description\">\n<p>DISPONIBLE DESDE LA TALLA S A LA 2XL<\/p>\n<p>DISPONIBLE EN VERSI\u00d3N FAN 34 USD<\/p>\n<p>DISPONIBLE EN VERSI\u00d3N PLAYER 42 USD<\/p>\n<p>PUEDE A\u00d1ADIRLE DORSAL (NOMBRE Y N\u00daMERO) POR 8 USD<\/p>\n<p>PREGUNTA POR LOS PARCHES<\/p>\n<\/div>\n<\/div>\n","protected":false},"excerpt":{"rendered":"<p>DISPONIBLE DESDE LA TALLA S A LA 2XL DISPONIBLE EN VERSI\u00d3N FAN 34 USD DISPONIBLE EN VERSI\u00d3N PLAYER 42 USD PUEDE A\u00d1ADIRLE DORSAL (NOMBRE Y N\u00daMERO) POR 8 USD PREGUNTA POR LOS PARCHES<\/p>\n","protected":false},"featured_media":7436,"comment_status":"open","ping_status":"closed","template":"","meta":[],"product_brand":[],"product_cat":[229,258,269],"product_tag":[],"class_list":{"0":"post-7435","1":"product","2":"type-product","3":"status-publish","4":"has-post-thumbnail","6":"product_cat-selecciones","7":"product_cat-usa","8":"product_cat-world-cup-qatar-2022","10":"first","11":"instock","12":"shipping-taxable","13":"purchasable","14":"product-type-simple"},"_links":{"self":[{"href":"https:\/\/tucamisetasport.com\/index.php?rest_route=\/wp\/v2\/product\/7435"}],"collection":[{"href":"https:\/\/tucamisetasport.com\/index.php?rest_route=\/wp\/v2\/product"}],"about":[{"href":"https:\/\/tucamisetasport.com\/index.php?rest_route=\/wp\/v2\/types\/product"}],"replies":[{"embeddable":true,"href":"https:\/\/tucamisetasport.com\/index.php?rest_route=%2Fwp%2Fv2%2Fcomments&post=7435"}],"wp:featuredmedia":[{"embeddable":true,"href":"https:\/\/tucamisetasport.com\/index.php?rest_route=\/wp\/v2\/media\/7436"}],"wp:attachment":[{"href":"https:\/\/tucamisetasport.com\/index.php?rest_route=%2Fwp%2Fv2%2Fmedia&parent=7435"}],"wp:term":[{"taxonomy":"product_brand","embeddable":true,"href":"https:\/\/tucamisetasport.com\/index.php?rest_route=%2Fwp%2Fv2%2Fproduct_brand&post=7435"},{"taxonomy":"product_cat","embeddable":true,"href":"https:\/\/tucamisetasport.com\/index.php?rest_route=%2Fwp%2Fv2%2Fproduct_cat&post=7435"},{"taxonomy":"product_tag","embeddable":true,"href":"https:\/\/tucamisetasport.com\/index.php?rest_route=%2Fwp%2Fv2%2Fproduct_tag&post=7435"}],"curies":[{"name":"wp","href":"https:\/\/api.w.org\/{rel}","templated":true}]}}