{"id":7383,"date":"2022-08-17T00:08:53","date_gmt":"2022-08-17T00:08:53","guid":{"rendered":"http:\/\/x6c.fb9.myftpupload.com\/?post_type=product&#038;p=7383"},"modified":"2022-08-17T00:08:54","modified_gmt":"2022-08-17T00:08:54","slug":"brasil-local-world-cup-2022","status":"publish","type":"product","link":"https:\/\/tucamisetasport.com\/?product=brasil-local-world-cup-2022","title":{"rendered":"BRASIL LOCAL WORLD CUP 2022"},"content":{"rendered":"<p>DISPONIBLE DESDE LA TALLA S A LA 2XL<\/p>\n<p>DISPONIBLE EN VERSI\u00d3N FAN 34 USD<\/p>\n<p>DISPONIBLE EN VERSI\u00d3N PLAYER 42 USD<\/p>\n<p>PUEDE A\u00d1ADIRLE DORSAL (NOMBRE Y N\u00daMERO) POR 8 USD<\/p>\n<p>PREGUNTA POR LOS PARCHES<\/p>\n","protected":false},"excerpt":{"rendered":"<p>DISPONIBLE DESDE LA TALLA S A LA 2XL DISPONIBLE EN VERSI\u00d3N FAN 34 USD DISPONIBLE EN VERSI\u00d3N PLAYER 42 USD PUEDE A\u00d1ADIRLE DORSAL (NOMBRE Y N\u00daMERO) POR 8 USD PREGUNTA POR LOS PARCHES<\/p>\n","protected":false},"featured_media":7384,"comment_status":"open","ping_status":"closed","template":"","meta":[],"product_brand":[],"product_cat":[235,19,229,269],"product_tag":[],"class_list":{"0":"post-7383","1":"product","2":"type-product","3":"status-publish","4":"has-post-thumbnail","6":"product_cat-brasil","7":"product_cat-futbol","8":"product_cat-selecciones","9":"product_cat-world-cup-qatar-2022","11":"first","12":"instock","13":"shipping-taxable","14":"purchasable","15":"product-type-simple"},"_links":{"self":[{"href":"https:\/\/tucamisetasport.com\/index.php?rest_route=\/wp\/v2\/product\/7383"}],"collection":[{"href":"https:\/\/tucamisetasport.com\/index.php?rest_route=\/wp\/v2\/product"}],"about":[{"href":"https:\/\/tucamisetasport.com\/index.php?rest_route=\/wp\/v2\/types\/product"}],"replies":[{"embeddable":true,"href":"https:\/\/tucamisetasport.com\/index.php?rest_route=%2Fwp%2Fv2%2Fcomments&post=7383"}],"wp:featuredmedia":[{"embeddable":true,"href":"https:\/\/tucamisetasport.com\/index.php?rest_route=\/wp\/v2\/media\/7384"}],"wp:attachment":[{"href":"https:\/\/tucamisetasport.com\/index.php?rest_route=%2Fwp%2Fv2%2Fmedia&parent=7383"}],"wp:term":[{"taxonomy":"product_brand","embeddable":true,"href":"https:\/\/tucamisetasport.com\/index.php?rest_route=%2Fwp%2Fv2%2Fproduct_brand&post=7383"},{"taxonomy":"product_cat","embeddable":true,"href":"https:\/\/tucamisetasport.com\/index.php?rest_route=%2Fwp%2Fv2%2Fproduct_cat&post=7383"},{"taxonomy":"product_tag","embeddable":true,"href":"https:\/\/tucamisetasport.com\/index.php?rest_route=%2Fwp%2Fv2%2Fproduct_tag&post=7383"}],"curies":[{"name":"wp","href":"https:\/\/api.w.org\/{rel}","templated":true}]}}