{"id":7185,"date":"2022-06-09T14:51:58","date_gmt":"2022-06-09T14:51:58","guid":{"rendered":"http:\/\/x6c.fb9.myftpupload.com\/?post_type=product&#038;p=7185"},"modified":"2022-06-09T14:51:59","modified_gmt":"2022-06-09T14:51:59","slug":"aston-villa-local-2022-2023","status":"publish","type":"product","link":"https:\/\/tucamisetasport.com\/?product=aston-villa-local-2022-2023","title":{"rendered":"ASTON VILLA LOCAL 2022-2023"},"content":{"rendered":"<p>DISPONIBLE DESDE LA TALLA S A LA 2XL.<\/p>\n<p>VERSI\u00d3N FAN 34 USD<\/p>\n<p>VERSI\u00d3N PLAYER 42 USD<\/p>\n<p>VERSI\u00d3N RETRO 36 USD<\/p>\n<p>DORSAL (NOMBRE + N\u00daMERO) 8 USD<\/p>\n<p>PREGUNTA POR PARCHES<\/p>\n","protected":false},"excerpt":{"rendered":"<p>DISPONIBLE DESDE LA TALLA S A LA 2XL. VERSI\u00d3N FAN 34 USD VERSI\u00d3N PLAYER 42 USD VERSI\u00d3N RETRO 36 USD DORSAL (NOMBRE + N\u00daMERO) 8 USD PREGUNTA POR PARCHES<\/p>\n","protected":false},"featured_media":7186,"comment_status":"open","ping_status":"closed","template":"","meta":[],"product_brand":[],"product_cat":[26,21,19],"product_tag":[],"class_list":{"0":"post-7185","1":"product","2":"type-product","3":"status-publish","4":"has-post-thumbnail","6":"product_cat-aston-villa","7":"product_cat-barclays","8":"product_cat-futbol","10":"first","11":"instock","12":"shipping-taxable","13":"purchasable","14":"product-type-simple"},"_links":{"self":[{"href":"https:\/\/tucamisetasport.com\/index.php?rest_route=\/wp\/v2\/product\/7185"}],"collection":[{"href":"https:\/\/tucamisetasport.com\/index.php?rest_route=\/wp\/v2\/product"}],"about":[{"href":"https:\/\/tucamisetasport.com\/index.php?rest_route=\/wp\/v2\/types\/product"}],"replies":[{"embeddable":true,"href":"https:\/\/tucamisetasport.com\/index.php?rest_route=%2Fwp%2Fv2%2Fcomments&post=7185"}],"wp:featuredmedia":[{"embeddable":true,"href":"https:\/\/tucamisetasport.com\/index.php?rest_route=\/wp\/v2\/media\/7186"}],"wp:attachment":[{"href":"https:\/\/tucamisetasport.com\/index.php?rest_route=%2Fwp%2Fv2%2Fmedia&parent=7185"}],"wp:term":[{"taxonomy":"product_brand","embeddable":true,"href":"https:\/\/tucamisetasport.com\/index.php?rest_route=%2Fwp%2Fv2%2Fproduct_brand&post=7185"},{"taxonomy":"product_cat","embeddable":true,"href":"https:\/\/tucamisetasport.com\/index.php?rest_route=%2Fwp%2Fv2%2Fproduct_cat&post=7185"},{"taxonomy":"product_tag","embeddable":true,"href":"https:\/\/tucamisetasport.com\/index.php?rest_route=%2Fwp%2Fv2%2Fproduct_tag&post=7185"}],"curies":[{"name":"wp","href":"https:\/\/api.w.org\/{rel}","templated":true}]}}