{"id":7135,"date":"2022-05-24T10:27:49","date_gmt":"2022-05-24T10:27:49","guid":{"rendered":"http:\/\/x6c.fb9.myftpupload.com\/?post_type=product&#038;p=7135"},"modified":"2022-05-24T10:27:49","modified_gmt":"2022-05-24T10:27:49","slug":"real-madrid-local-2010-2011","status":"publish","type":"product","link":"https:\/\/tucamisetasport.com\/?product=real-madrid-local-2010-2011","title":{"rendered":"REAL MADRID LOCAL 2010-2011"},"content":{"rendered":"<div class=\"woocommerce-tabs wc-tabs-wrapper\">\n<div id=\"tab-description\" class=\"woocommerce-Tabs-panel woocommerce-Tabs-panel--description panel entry-content wc-tab\" role=\"tabpanel\" aria-labelledby=\"tab-title-description\">\n<p>DISPONIBLE DESDE LA TALLA S A LA 2XL<\/p>\n<p>DISPONIBLE EN VERSI\u00d3N FAN 36 USD<\/p>\n<p>PUEDE A\u00d1ADIRLE DORSAL (NOMBRE Y N\u00daMERO) POR 8 USD<\/p>\n<p>PREGUNTA POR LOS PARCHES<\/p>\n<\/div>\n<\/div>\n<section class=\"related products\"><\/section>\n","protected":false},"excerpt":{"rendered":"<p>DISPONIBLE DESDE LA TALLA S A LA 2XL DISPONIBLE EN VERSI\u00d3N FAN 36 USD PUEDE A\u00d1ADIRLE DORSAL (NOMBRE Y N\u00daMERO) POR 8 USD PREGUNTA POR LOS PARCHES<\/p>\n","protected":false},"featured_media":7136,"comment_status":"open","ping_status":"closed","template":"","meta":[],"product_brand":[],"product_cat":[19,23,25,201,224],"product_tag":[],"class_list":{"0":"post-7135","1":"product","2":"type-product","3":"status-publish","4":"has-post-thumbnail","6":"product_cat-futbol","7":"product_cat-la-liga","8":"product_cat-real-madrid","9":"product_cat-retro","10":"product_cat-retro-real-madrid","12":"first","13":"instock","14":"shipping-taxable","15":"purchasable","16":"product-type-simple"},"_links":{"self":[{"href":"https:\/\/tucamisetasport.com\/index.php?rest_route=\/wp\/v2\/product\/7135"}],"collection":[{"href":"https:\/\/tucamisetasport.com\/index.php?rest_route=\/wp\/v2\/product"}],"about":[{"href":"https:\/\/tucamisetasport.com\/index.php?rest_route=\/wp\/v2\/types\/product"}],"replies":[{"embeddable":true,"href":"https:\/\/tucamisetasport.com\/index.php?rest_route=%2Fwp%2Fv2%2Fcomments&post=7135"}],"wp:featuredmedia":[{"embeddable":true,"href":"https:\/\/tucamisetasport.com\/index.php?rest_route=\/wp\/v2\/media\/7136"}],"wp:attachment":[{"href":"https:\/\/tucamisetasport.com\/index.php?rest_route=%2Fwp%2Fv2%2Fmedia&parent=7135"}],"wp:term":[{"taxonomy":"product_brand","embeddable":true,"href":"https:\/\/tucamisetasport.com\/index.php?rest_route=%2Fwp%2Fv2%2Fproduct_brand&post=7135"},{"taxonomy":"product_cat","embeddable":true,"href":"https:\/\/tucamisetasport.com\/index.php?rest_route=%2Fwp%2Fv2%2Fproduct_cat&post=7135"},{"taxonomy":"product_tag","embeddable":true,"href":"https:\/\/tucamisetasport.com\/index.php?rest_route=%2Fwp%2Fv2%2Fproduct_tag&post=7135"}],"curies":[{"name":"wp","href":"https:\/\/api.w.org\/{rel}","templated":true}]}}