{"id":5476,"date":"2021-05-14T16:33:44","date_gmt":"2021-05-14T16:33:44","guid":{"rendered":"http:\/\/x6c.fb9.myftpupload.com\/?post_type=product&#038;p=5476"},"modified":"2021-05-14T16:33:51","modified_gmt":"2021-05-14T16:33:51","slug":"camiseta-local-arsenal-19-20","status":"publish","type":"product","link":"https:\/\/tucamisetasport.com\/?product=camiseta-local-arsenal-19-20","title":{"rendered":"CAMISETA LOCAL ARSENAL 19\/20"},"content":{"rendered":"<p>La camiseta oficial del Arsenal para adultos 19\/20 de manga corta ha sido creada por adidas para nuestros fan\u00e1ticos con un ajuste m\u00e1s holgado que el que usan los jugadores en el campo. La camisa muestra nuestros ic\u00f3nicos colores caseros de rojo y blanco con mangas ajustadas y tomando las se\u00f1ales de dise\u00f1o de principios de los noventa con un cuello retro le da a la camisa un aspecto cl\u00e1sico y elegante con un toque contempor\u00e1neo. La tela liviana cuenta con tecnolog\u00eda Climalite que trabaja para canalizar la humedad lejos del cuerpo, ayud\u00e1ndote a mantenerte fresco y seco.<\/p>\n<p>&nbsp;<\/p>\n<p>DISPONIBLE DESDE LA TALLA S A LA 2XL.<\/p>\n","protected":false},"excerpt":{"rendered":"<p>La camiseta oficial del Arsenal para adultos 19\/20 de manga corta ha sido creada por adidas para nuestros fan\u00e1ticos con un ajuste m\u00e1s holgado que el que usan los jugadores en el campo. La camisa muestra nuestros ic\u00f3nicos colores caseros de rojo y blanco con mangas ajustadas y tomando las se\u00f1ales de dise\u00f1o de principios [&hellip;]<\/p>\n","protected":false},"featured_media":5477,"comment_status":"open","ping_status":"closed","template":"","meta":[],"product_brand":[],"product_cat":[22,21,19],"product_tag":[],"class_list":{"0":"post-5476","1":"product","2":"type-product","3":"status-publish","4":"has-post-thumbnail","6":"product_cat-arsenal","7":"product_cat-barclays","8":"product_cat-futbol","10":"first","11":"instock","12":"shipping-taxable","13":"purchasable","14":"product-type-simple"},"_links":{"self":[{"href":"https:\/\/tucamisetasport.com\/index.php?rest_route=\/wp\/v2\/product\/5476"}],"collection":[{"href":"https:\/\/tucamisetasport.com\/index.php?rest_route=\/wp\/v2\/product"}],"about":[{"href":"https:\/\/tucamisetasport.com\/index.php?rest_route=\/wp\/v2\/types\/product"}],"replies":[{"embeddable":true,"href":"https:\/\/tucamisetasport.com\/index.php?rest_route=%2Fwp%2Fv2%2Fcomments&post=5476"}],"wp:featuredmedia":[{"embeddable":true,"href":"https:\/\/tucamisetasport.com\/index.php?rest_route=\/wp\/v2\/media\/5477"}],"wp:attachment":[{"href":"https:\/\/tucamisetasport.com\/index.php?rest_route=%2Fwp%2Fv2%2Fmedia&parent=5476"}],"wp:term":[{"taxonomy":"product_brand","embeddable":true,"href":"https:\/\/tucamisetasport.com\/index.php?rest_route=%2Fwp%2Fv2%2Fproduct_brand&post=5476"},{"taxonomy":"product_cat","embeddable":true,"href":"https:\/\/tucamisetasport.com\/index.php?rest_route=%2Fwp%2Fv2%2Fproduct_cat&post=5476"},{"taxonomy":"product_tag","embeddable":true,"href":"https:\/\/tucamisetasport.com\/index.php?rest_route=%2Fwp%2Fv2%2Fproduct_tag&post=5476"}],"curies":[{"name":"wp","href":"https:\/\/api.w.org\/{rel}","templated":true}]}}