{"id":5473,"date":"2021-05-14T16:30:59","date_gmt":"2021-05-14T16:30:59","guid":{"rendered":"http:\/\/x6c.fb9.myftpupload.com\/?post_type=product&#038;p=5473"},"modified":"2021-05-14T16:31:02","modified_gmt":"2021-05-14T16:31:02","slug":"camiseta-visitante-arsenal-21-22","status":"publish","type":"product","link":"https:\/\/tucamisetasport.com\/?product=camiseta-visitante-arsenal-21-22","title":{"rendered":"CAMISETA VISITANTE ARSENAL 21\/22"},"content":{"rendered":"<p>La camiseta de la 2a equipaci\u00f3n del Arsenal 21\/22 es una r\u00e9plica de la camiseta hecha para seguidores con un ajuste m\u00e1s informal. Inspirado en el pasado, creado para el futuro. Un dise\u00f1o que resume nuestra orgullosa historia y ya sea el doble de 71 o Anfield 89, es evidente que ganamos en amarillo. La combinaci\u00f3n de herencia y tecnolog\u00eda moderna hace de esta camiseta una camiseta de la que estar orgulloso tanto dentro como fuera del campo. La camiseta de la 2a equipaci\u00f3n del Arsenal 21\/22 ofrece un ajuste m\u00e1s holgado en el cuerpo y las mangas que el de la camiseta aut\u00e9ntica. La tela suave cuenta con tecnolog\u00eda AEROREADY que trabaja para mantener la humedad alejada del cuerpo, para que te mantengas seco y c\u00f3modo. Los detalles m\u00e1s finos incluyen un ca\u00f1\u00f3n tejido y el logotipo de adidas con la inconfundible cinta de 3 rayas en los hombros. Nuestro orgulloso lema del club ha sido bordado en el dobladillo trasero con el lema Arsenal for Everyone en el cuello trasero.<\/p>\n<p>&nbsp;<\/p>\n<p>DISPONIBLE DESDE LA S A LA 2XL.<\/p>\n","protected":false},"excerpt":{"rendered":"<p>La camiseta de la 2a equipaci\u00f3n del Arsenal 21\/22 es una r\u00e9plica de la camiseta hecha para seguidores con un ajuste m\u00e1s informal. Inspirado en el pasado, creado para el futuro. Un dise\u00f1o que resume nuestra orgullosa historia y ya sea el doble de 71 o Anfield 89, es evidente que ganamos en amarillo. La [&hellip;]<\/p>\n","protected":false},"featured_media":5475,"comment_status":"open","ping_status":"closed","template":"","meta":[],"product_brand":[],"product_cat":[22,21,19],"product_tag":[],"class_list":{"0":"post-5473","1":"product","2":"type-product","3":"status-publish","4":"has-post-thumbnail","6":"product_cat-arsenal","7":"product_cat-barclays","8":"product_cat-futbol","10":"first","11":"instock","12":"shipping-taxable","13":"purchasable","14":"product-type-simple"},"_links":{"self":[{"href":"https:\/\/tucamisetasport.com\/index.php?rest_route=\/wp\/v2\/product\/5473"}],"collection":[{"href":"https:\/\/tucamisetasport.com\/index.php?rest_route=\/wp\/v2\/product"}],"about":[{"href":"https:\/\/tucamisetasport.com\/index.php?rest_route=\/wp\/v2\/types\/product"}],"replies":[{"embeddable":true,"href":"https:\/\/tucamisetasport.com\/index.php?rest_route=%2Fwp%2Fv2%2Fcomments&post=5473"}],"wp:featuredmedia":[{"embeddable":true,"href":"https:\/\/tucamisetasport.com\/index.php?rest_route=\/wp\/v2\/media\/5475"}],"wp:attachment":[{"href":"https:\/\/tucamisetasport.com\/index.php?rest_route=%2Fwp%2Fv2%2Fmedia&parent=5473"}],"wp:term":[{"taxonomy":"product_brand","embeddable":true,"href":"https:\/\/tucamisetasport.com\/index.php?rest_route=%2Fwp%2Fv2%2Fproduct_brand&post=5473"},{"taxonomy":"product_cat","embeddable":true,"href":"https:\/\/tucamisetasport.com\/index.php?rest_route=%2Fwp%2Fv2%2Fproduct_cat&post=5473"},{"taxonomy":"product_tag","embeddable":true,"href":"https:\/\/tucamisetasport.com\/index.php?rest_route=%2Fwp%2Fv2%2Fproduct_tag&post=5473"}],"curies":[{"name":"wp","href":"https:\/\/api.w.org\/{rel}","templated":true}]}}