{"id":5466,"date":"2021-05-14T16:09:50","date_gmt":"2021-05-14T16:09:50","guid":{"rendered":"http:\/\/x6c.fb9.myftpupload.com\/?post_type=product&#038;p=5466"},"modified":"2021-05-14T16:10:07","modified_gmt":"2021-05-14T16:10:07","slug":"chicago-bulls","status":"publish","type":"product","link":"https:\/\/tucamisetasport.com\/?product=chicago-bulls","title":{"rendered":"CHICAGO BULLS"},"content":{"rendered":"<p>La camiseta Icon Edition representa los verdaderos colores del equipo, reflejados en su dise\u00f1o distintivo y reconocible al instante. Inspirada directamente en lo que visten los profesionales, esta camiseta Nike NBA Swingman de los Chicago Bulls Icon Edition est\u00e1 confeccionada con un tejido de doble punto de primera calidad, con una confecci\u00f3n cl\u00e1sica y un ajuste que se ve bien en cualquier cuerpo.<\/p>\n<p>&nbsp;<\/p>\n<p>DISPONIBLE DESDE LA TALLA S A LA 2XL.<\/p>\n","protected":false},"excerpt":{"rendered":"<p>La camiseta Icon Edition representa los verdaderos colores del equipo, reflejados en su dise\u00f1o distintivo y reconocible al instante. Inspirada directamente en lo que visten los profesionales, esta camiseta Nike NBA Swingman de los Chicago Bulls Icon Edition est\u00e1 confeccionada con un tejido de doble punto de primera calidad, con una confecci\u00f3n cl\u00e1sica y un [&hellip;]<\/p>\n","protected":false},"featured_media":5467,"comment_status":"open","ping_status":"closed","template":"","meta":[],"product_brand":[],"product_cat":[98,134,128],"product_tag":[],"class_list":{"0":"post-5466","1":"product","2":"type-product","3":"status-publish","4":"has-post-thumbnail","6":"product_cat-basketball","7":"product_cat-chicago-bulls","8":"product_cat-conferencia-este-basketball","10":"first","11":"instock","12":"shipping-taxable","13":"purchasable","14":"product-type-simple"},"_links":{"self":[{"href":"https:\/\/tucamisetasport.com\/index.php?rest_route=\/wp\/v2\/product\/5466"}],"collection":[{"href":"https:\/\/tucamisetasport.com\/index.php?rest_route=\/wp\/v2\/product"}],"about":[{"href":"https:\/\/tucamisetasport.com\/index.php?rest_route=\/wp\/v2\/types\/product"}],"replies":[{"embeddable":true,"href":"https:\/\/tucamisetasport.com\/index.php?rest_route=%2Fwp%2Fv2%2Fcomments&post=5466"}],"wp:featuredmedia":[{"embeddable":true,"href":"https:\/\/tucamisetasport.com\/index.php?rest_route=\/wp\/v2\/media\/5467"}],"wp:attachment":[{"href":"https:\/\/tucamisetasport.com\/index.php?rest_route=%2Fwp%2Fv2%2Fmedia&parent=5466"}],"wp:term":[{"taxonomy":"product_brand","embeddable":true,"href":"https:\/\/tucamisetasport.com\/index.php?rest_route=%2Fwp%2Fv2%2Fproduct_brand&post=5466"},{"taxonomy":"product_cat","embeddable":true,"href":"https:\/\/tucamisetasport.com\/index.php?rest_route=%2Fwp%2Fv2%2Fproduct_cat&post=5466"},{"taxonomy":"product_tag","embeddable":true,"href":"https:\/\/tucamisetasport.com\/index.php?rest_route=%2Fwp%2Fv2%2Fproduct_tag&post=5466"}],"curies":[{"name":"wp","href":"https:\/\/api.w.org\/{rel}","templated":true}]}}