{"id":5462,"date":"2021-05-14T16:02:25","date_gmt":"2021-05-14T16:02:25","guid":{"rendered":"http:\/\/x6c.fb9.myftpupload.com\/?post_type=product&#038;p=5462"},"modified":"2021-05-14T16:02:25","modified_gmt":"2021-05-14T16:02:25","slug":"brooklyn-nets-3","status":"publish","type":"product","link":"https:\/\/tucamisetasport.com\/?product=brooklyn-nets-3","title":{"rendered":"BROOKLYN NETS"},"content":{"rendered":"<p>Con un fondo blanco que es consistente en toda la liga, la camiseta Association Edition simboliza el poder unificador de la NBA. Inspirada directamente en la ropa de los profesionales, esta camiseta Nike NBA Swingman de Brooklyn Nets Association Edition est\u00e1 confeccionada con un tejido de doble punto de primera calidad, con una confecci\u00f3n cl\u00e1sica y un ajuste que se ve bien desde todos los \u00e1ngulos.<\/p>\n<p>&nbsp;<\/p>\n<p>DISPONIBLE DESDE LA TALLA S A LA 2X.<\/p>\n","protected":false},"excerpt":{"rendered":"<p>Con un fondo blanco que es consistente en toda la liga, la camiseta Association Edition simboliza el poder unificador de la NBA. Inspirada directamente en la ropa de los profesionales, esta camiseta Nike NBA Swingman de Brooklyn Nets Association Edition est\u00e1 confeccionada con un tejido de doble punto de primera calidad, con una confecci\u00f3n cl\u00e1sica [&hellip;]<\/p>\n","protected":false},"featured_media":5463,"comment_status":"open","ping_status":"closed","template":"","meta":[],"product_brand":[],"product_cat":[98,132,128],"product_tag":[],"class_list":{"0":"post-5462","1":"product","2":"type-product","3":"status-publish","4":"has-post-thumbnail","6":"product_cat-basketball","7":"product_cat-brooklyn-nets","8":"product_cat-conferencia-este-basketball","10":"first","11":"instock","12":"shipping-taxable","13":"purchasable","14":"product-type-simple"},"_links":{"self":[{"href":"https:\/\/tucamisetasport.com\/index.php?rest_route=\/wp\/v2\/product\/5462"}],"collection":[{"href":"https:\/\/tucamisetasport.com\/index.php?rest_route=\/wp\/v2\/product"}],"about":[{"href":"https:\/\/tucamisetasport.com\/index.php?rest_route=\/wp\/v2\/types\/product"}],"replies":[{"embeddable":true,"href":"https:\/\/tucamisetasport.com\/index.php?rest_route=%2Fwp%2Fv2%2Fcomments&post=5462"}],"wp:featuredmedia":[{"embeddable":true,"href":"https:\/\/tucamisetasport.com\/index.php?rest_route=\/wp\/v2\/media\/5463"}],"wp:attachment":[{"href":"https:\/\/tucamisetasport.com\/index.php?rest_route=%2Fwp%2Fv2%2Fmedia&parent=5462"}],"wp:term":[{"taxonomy":"product_brand","embeddable":true,"href":"https:\/\/tucamisetasport.com\/index.php?rest_route=%2Fwp%2Fv2%2Fproduct_brand&post=5462"},{"taxonomy":"product_cat","embeddable":true,"href":"https:\/\/tucamisetasport.com\/index.php?rest_route=%2Fwp%2Fv2%2Fproduct_cat&post=5462"},{"taxonomy":"product_tag","embeddable":true,"href":"https:\/\/tucamisetasport.com\/index.php?rest_route=%2Fwp%2Fv2%2Fproduct_tag&post=5462"}],"curies":[{"name":"wp","href":"https:\/\/api.w.org\/{rel}","templated":true}]}}