{"id":5460,"date":"2021-05-14T15:59:55","date_gmt":"2021-05-14T15:59:55","guid":{"rendered":"http:\/\/x6c.fb9.myftpupload.com\/?post_type=product&#038;p=5460"},"modified":"2021-05-14T15:59:57","modified_gmt":"2021-05-14T15:59:57","slug":"brooklyn-nets-2","status":"publish","type":"product","link":"https:\/\/tucamisetasport.com\/?product=brooklyn-nets-2","title":{"rendered":"BROOKLYN NETS"},"content":{"rendered":"<p>representa los verdaderos colores del equipo, reflejados en un dise\u00f1o distintivo e instant\u00e1neamente reconocible. Como parte del uniforme oficial de Nike NBA, esta camiseta aut\u00e9ntica Brooklyn Nets Icon Edition cuenta con una tela ligera y transpirable y un ajuste dise\u00f1ado para permitir que los mejores atletas del baloncesto se muevan libremente en la cancha.<\/p>\n<p>&nbsp;<\/p>\n<p>DISPONIBLE DESDE LA TALLA S A LA 2X.<\/p>\n","protected":false},"excerpt":{"rendered":"<p>representa los verdaderos colores del equipo, reflejados en un dise\u00f1o distintivo e instant\u00e1neamente reconocible. Como parte del uniforme oficial de Nike NBA, esta camiseta aut\u00e9ntica Brooklyn Nets Icon Edition cuenta con una tela ligera y transpirable y un ajuste dise\u00f1ado para permitir que los mejores atletas del baloncesto se muevan libremente en la cancha. &nbsp; [&hellip;]<\/p>\n","protected":false},"featured_media":5461,"comment_status":"open","ping_status":"closed","template":"","meta":[],"product_brand":[],"product_cat":[98,132,128],"product_tag":[],"class_list":{"0":"post-5460","1":"product","2":"type-product","3":"status-publish","4":"has-post-thumbnail","6":"product_cat-basketball","7":"product_cat-brooklyn-nets","8":"product_cat-conferencia-este-basketball","10":"first","11":"instock","12":"shipping-taxable","13":"purchasable","14":"product-type-simple"},"_links":{"self":[{"href":"https:\/\/tucamisetasport.com\/index.php?rest_route=\/wp\/v2\/product\/5460"}],"collection":[{"href":"https:\/\/tucamisetasport.com\/index.php?rest_route=\/wp\/v2\/product"}],"about":[{"href":"https:\/\/tucamisetasport.com\/index.php?rest_route=\/wp\/v2\/types\/product"}],"replies":[{"embeddable":true,"href":"https:\/\/tucamisetasport.com\/index.php?rest_route=%2Fwp%2Fv2%2Fcomments&post=5460"}],"wp:featuredmedia":[{"embeddable":true,"href":"https:\/\/tucamisetasport.com\/index.php?rest_route=\/wp\/v2\/media\/5461"}],"wp:attachment":[{"href":"https:\/\/tucamisetasport.com\/index.php?rest_route=%2Fwp%2Fv2%2Fmedia&parent=5460"}],"wp:term":[{"taxonomy":"product_brand","embeddable":true,"href":"https:\/\/tucamisetasport.com\/index.php?rest_route=%2Fwp%2Fv2%2Fproduct_brand&post=5460"},{"taxonomy":"product_cat","embeddable":true,"href":"https:\/\/tucamisetasport.com\/index.php?rest_route=%2Fwp%2Fv2%2Fproduct_cat&post=5460"},{"taxonomy":"product_tag","embeddable":true,"href":"https:\/\/tucamisetasport.com\/index.php?rest_route=%2Fwp%2Fv2%2Fproduct_tag&post=5460"}],"curies":[{"name":"wp","href":"https:\/\/api.w.org\/{rel}","templated":true}]}}