{"id":5452,"date":"2021-05-14T15:53:14","date_gmt":"2021-05-14T15:53:14","guid":{"rendered":"http:\/\/x6c.fb9.myftpupload.com\/?post_type=product&#038;p=5452"},"modified":"2021-05-14T15:53:14","modified_gmt":"2021-05-14T15:53:14","slug":"boston-celtics-4","status":"publish","type":"product","link":"https:\/\/tucamisetasport.com\/?product=boston-celtics-4","title":{"rendered":"BOSTON CELTICS"},"content":{"rendered":"<p>Los colores y detalles alternativos llamativos distinguen la Statement Edition, una camiseta que simboliza la fuerza colectiva, el esp\u00edritu y la mentalidad competitiva de la plantilla. La camiseta Jordan NBA Statement Edition Swingman de los Boston Celtics est\u00e1 inspirada en lo que visten los profesionales. Est\u00e1 confeccionado con tejido de doble punto de primera calidad con un ajuste c\u00f3modo y relajado que se ve muy bien con los fans. Este producto est\u00e1 elaborado con fibras de poli\u00e9ster 100% recicladas.<\/p>\n<p>&nbsp;<\/p>\n<p>DISPONIBLE DESDE LA TALLA S A LA 2XL.<\/p>\n","protected":false},"excerpt":{"rendered":"<p>Los colores y detalles alternativos llamativos distinguen la Statement Edition, una camiseta que simboliza la fuerza colectiva, el esp\u00edritu y la mentalidad competitiva de la plantilla. La camiseta Jordan NBA Statement Edition Swingman de los Boston Celtics est\u00e1 inspirada en lo que visten los profesionales. Est\u00e1 confeccionado con tejido de doble punto de primera calidad [&hellip;]<\/p>\n","protected":false},"featured_media":5453,"comment_status":"open","ping_status":"closed","template":"","meta":[],"product_brand":[],"product_cat":[98,131,128],"product_tag":[],"class_list":{"0":"post-5452","1":"product","2":"type-product","3":"status-publish","4":"has-post-thumbnail","6":"product_cat-basketball","7":"product_cat-boston-celtics","8":"product_cat-conferencia-este-basketball","10":"first","11":"instock","12":"shipping-taxable","13":"purchasable","14":"product-type-simple"},"_links":{"self":[{"href":"https:\/\/tucamisetasport.com\/index.php?rest_route=\/wp\/v2\/product\/5452"}],"collection":[{"href":"https:\/\/tucamisetasport.com\/index.php?rest_route=\/wp\/v2\/product"}],"about":[{"href":"https:\/\/tucamisetasport.com\/index.php?rest_route=\/wp\/v2\/types\/product"}],"replies":[{"embeddable":true,"href":"https:\/\/tucamisetasport.com\/index.php?rest_route=%2Fwp%2Fv2%2Fcomments&post=5452"}],"wp:featuredmedia":[{"embeddable":true,"href":"https:\/\/tucamisetasport.com\/index.php?rest_route=\/wp\/v2\/media\/5453"}],"wp:attachment":[{"href":"https:\/\/tucamisetasport.com\/index.php?rest_route=%2Fwp%2Fv2%2Fmedia&parent=5452"}],"wp:term":[{"taxonomy":"product_brand","embeddable":true,"href":"https:\/\/tucamisetasport.com\/index.php?rest_route=%2Fwp%2Fv2%2Fproduct_brand&post=5452"},{"taxonomy":"product_cat","embeddable":true,"href":"https:\/\/tucamisetasport.com\/index.php?rest_route=%2Fwp%2Fv2%2Fproduct_cat&post=5452"},{"taxonomy":"product_tag","embeddable":true,"href":"https:\/\/tucamisetasport.com\/index.php?rest_route=%2Fwp%2Fv2%2Fproduct_tag&post=5452"}],"curies":[{"name":"wp","href":"https:\/\/api.w.org\/{rel}","templated":true}]}}