{"id":5432,"date":"2021-04-11T17:40:10","date_gmt":"2021-04-11T17:40:10","guid":{"rendered":"http:\/\/x6c.fb9.myftpupload.com\/?post_type=product&#038;p=5432"},"modified":"2021-04-11T17:40:21","modified_gmt":"2021-04-11T17:40:21","slug":"camiseta-local-portugal-2016","status":"publish","type":"product","link":"https:\/\/tucamisetasport.com\/?product=camiseta-local-portugal-2016","title":{"rendered":"CAMISETA LOCAL PORTUGAL 2016"},"content":{"rendered":"<p>La camiseta de local de Portugal 2016 es el mismo dise\u00f1o que usan los profesionales en el campo. Combina transpirabilidad y movilidad con un tejido el\u00e1stico que absorbe el sudor y se seca excepcionalmente r\u00e1pido para un rendimiento m\u00e1ximo. El dise\u00f1o cl\u00e1sico del polo se inspira en la moda para una clase audaz digna de los reyes de Europa. Este producto est\u00e1 elaborado con al menos un 75% de poli\u00e9ster reciclado.<\/p>\n<p>&nbsp;<\/p>\n<p>DISPONIBLE DESDE LA TALLA S A LA 2XL.<\/p>\n","protected":false},"excerpt":{"rendered":"<p>La camiseta de local de Portugal 2016 es el mismo dise\u00f1o que usan los profesionales en el campo. Combina transpirabilidad y movilidad con un tejido el\u00e1stico que absorbe el sudor y se seca excepcionalmente r\u00e1pido para un rendimiento m\u00e1ximo. El dise\u00f1o cl\u00e1sico del polo se inspira en la moda para una clase audaz digna de [&hellip;]<\/p>\n","protected":false},"featured_media":5434,"comment_status":"open","ping_status":"closed","template":"","meta":[],"product_brand":[],"product_cat":[19,246,229],"product_tag":[],"class_list":{"0":"post-5432","1":"product","2":"type-product","3":"status-publish","4":"has-post-thumbnail","6":"product_cat-futbol","7":"product_cat-portugal","8":"product_cat-selecciones","10":"first","11":"instock","12":"shipping-taxable","13":"purchasable","14":"product-type-simple"},"_links":{"self":[{"href":"https:\/\/tucamisetasport.com\/index.php?rest_route=\/wp\/v2\/product\/5432"}],"collection":[{"href":"https:\/\/tucamisetasport.com\/index.php?rest_route=\/wp\/v2\/product"}],"about":[{"href":"https:\/\/tucamisetasport.com\/index.php?rest_route=\/wp\/v2\/types\/product"}],"replies":[{"embeddable":true,"href":"https:\/\/tucamisetasport.com\/index.php?rest_route=%2Fwp%2Fv2%2Fcomments&post=5432"}],"wp:featuredmedia":[{"embeddable":true,"href":"https:\/\/tucamisetasport.com\/index.php?rest_route=\/wp\/v2\/media\/5434"}],"wp:attachment":[{"href":"https:\/\/tucamisetasport.com\/index.php?rest_route=%2Fwp%2Fv2%2Fmedia&parent=5432"}],"wp:term":[{"taxonomy":"product_brand","embeddable":true,"href":"https:\/\/tucamisetasport.com\/index.php?rest_route=%2Fwp%2Fv2%2Fproduct_brand&post=5432"},{"taxonomy":"product_cat","embeddable":true,"href":"https:\/\/tucamisetasport.com\/index.php?rest_route=%2Fwp%2Fv2%2Fproduct_cat&post=5432"},{"taxonomy":"product_tag","embeddable":true,"href":"https:\/\/tucamisetasport.com\/index.php?rest_route=%2Fwp%2Fv2%2Fproduct_tag&post=5432"}],"curies":[{"name":"wp","href":"https:\/\/api.w.org\/{rel}","templated":true}]}}