{"id":5211,"date":"2021-02-21T17:17:57","date_gmt":"2021-02-21T17:17:57","guid":{"rendered":"http:\/\/x6c.fb9.myftpupload.com\/?post_type=product&#038;p=5211"},"modified":"2021-02-21T17:17:57","modified_gmt":"2021-02-21T17:17:57","slug":"camiseta-chelsea-local-2004-2005","status":"publish","type":"product","link":"https:\/\/tucamisetasport.com\/?product=camiseta-chelsea-local-2004-2005","title":{"rendered":"CAMISETA CHELSEA LOCAL 2004-2005"},"content":{"rendered":"<p>Esta camiseta aguantar\u00e1 uso tras uso gracias a su tejido el\u00e1stico con una tecnolog\u00eda que capilariza el sudor y a la malla transpirable en la parte superior trasera para mantener la frescura, la transpirabilidad y la comodidad.<\/p>\n<p>Camiseta disponible en versi\u00f3n player y versi\u00f3n fan.<\/p>\n<p>El dorsal tiene un precio adicional, puede ser de jugador o totalmente personalizado\u2026 Puede llevar puntos, acentos, espacios y tiene un espacio ma\u0301ximo de 10 letras.<\/p>\n<p>Parches de todas las copas disponibles adicionales.<\/p>\n<p>Disponible para caballeros, damas y ni\u00f1os.<\/p>\n<p>Tallas de la S a la 2xl (preguntar disponibilidad de tallas 3xl y 4xl).<\/p>\n<p>Composici\u00f3n: 100 % poli\u00e9ster reciclado.<\/p>\n<p>Cont\u00e1ctanos en cualquiera de nuestras redes sociales para tener la tuya!<\/p>\n","protected":false},"excerpt":{"rendered":"<p>Esta camiseta aguantar\u00e1 uso tras uso gracias a su tejido el\u00e1stico con una tecnolog\u00eda que capilariza el sudor y a la malla transpirable en la parte superior trasera para mantener la frescura, la transpirabilidad y la comodidad. Camiseta disponible en versi\u00f3n player y versi\u00f3n fan. El dorsal tiene un precio adicional, puede ser de jugador [&hellip;]<\/p>\n","protected":false},"featured_media":5212,"comment_status":"open","ping_status":"closed","template":"","meta":[],"product_brand":[],"product_cat":[21,47,19],"product_tag":[],"class_list":{"0":"post-5211","1":"product","2":"type-product","3":"status-publish","4":"has-post-thumbnail","6":"product_cat-barclays","7":"product_cat-chelsea","8":"product_cat-futbol","10":"first","11":"instock","12":"shipping-taxable","13":"purchasable","14":"product-type-simple"},"_links":{"self":[{"href":"https:\/\/tucamisetasport.com\/index.php?rest_route=\/wp\/v2\/product\/5211"}],"collection":[{"href":"https:\/\/tucamisetasport.com\/index.php?rest_route=\/wp\/v2\/product"}],"about":[{"href":"https:\/\/tucamisetasport.com\/index.php?rest_route=\/wp\/v2\/types\/product"}],"replies":[{"embeddable":true,"href":"https:\/\/tucamisetasport.com\/index.php?rest_route=%2Fwp%2Fv2%2Fcomments&post=5211"}],"wp:featuredmedia":[{"embeddable":true,"href":"https:\/\/tucamisetasport.com\/index.php?rest_route=\/wp\/v2\/media\/5212"}],"wp:attachment":[{"href":"https:\/\/tucamisetasport.com\/index.php?rest_route=%2Fwp%2Fv2%2Fmedia&parent=5211"}],"wp:term":[{"taxonomy":"product_brand","embeddable":true,"href":"https:\/\/tucamisetasport.com\/index.php?rest_route=%2Fwp%2Fv2%2Fproduct_brand&post=5211"},{"taxonomy":"product_cat","embeddable":true,"href":"https:\/\/tucamisetasport.com\/index.php?rest_route=%2Fwp%2Fv2%2Fproduct_cat&post=5211"},{"taxonomy":"product_tag","embeddable":true,"href":"https:\/\/tucamisetasport.com\/index.php?rest_route=%2Fwp%2Fv2%2Fproduct_tag&post=5211"}],"curies":[{"name":"wp","href":"https:\/\/api.w.org\/{rel}","templated":true}]}}