{"id":4991,"date":"2021-01-08T03:34:17","date_gmt":"2021-01-08T03:34:17","guid":{"rendered":"http:\/\/x6c.fb9.myftpupload.com\/?post_type=product&#038;p=4991"},"modified":"2021-01-08T03:34:18","modified_gmt":"2021-01-08T03:34:18","slug":"boston-celtics-blanco-verde-brown","status":"publish","type":"product","link":"https:\/\/tucamisetasport.com\/?product=boston-celtics-blanco-verde-brown","title":{"rendered":"BOSTON CELTICS BLANCO VERDE BROWN"},"content":{"rendered":"<div class=\"woocommerce-tabs wc-tabs-wrapper\">\n<div id=\"tab-description\" class=\"woocommerce-Tabs-panel woocommerce-Tabs-panel--description panel entry-content wc-tab\" role=\"tabpanel\" aria-labelledby=\"tab-title-description\">\n<p>Siempre se tomar\u00e1 el tiempo para honrar a uno de los mejores para usar el uniforme de su equipo favorito.\u00a0 Antes de que comience el pr\u00f3ximo juego, rinda homenaje al pasado hist\u00f3rico, reconozca a una de sus estrellas m\u00e1s brillantes de todos los tiempos. Su dise\u00f1o y los gr\u00e1ficos espec\u00edficos del jugador seguramente recordar\u00e1n a los fan\u00e1ticos sus momentos favoritos, tanto pasados \u200b\u200bcomo presentes.<\/p>\n<p>Cont\u00e1ctanos en cualquiera de nuestras redes sociales para tener la tuya!<\/p>\n<\/div>\n<\/div>\n","protected":false},"excerpt":{"rendered":"<p>Siempre se tomar\u00e1 el tiempo para honrar a uno de los mejores para usar el uniforme de su equipo favorito.\u00a0 Antes de que comience el pr\u00f3ximo juego, rinda homenaje al pasado hist\u00f3rico, reconozca a una de sus estrellas m\u00e1s brillantes de todos los tiempos. Su dise\u00f1o y los gr\u00e1ficos espec\u00edficos del jugador seguramente recordar\u00e1n a [&hellip;]<\/p>\n","protected":false},"featured_media":4992,"comment_status":"open","ping_status":"closed","template":"","meta":[],"product_brand":[],"product_cat":[98,131,128],"product_tag":[],"class_list":{"0":"post-4991","1":"product","2":"type-product","3":"status-publish","4":"has-post-thumbnail","6":"product_cat-basketball","7":"product_cat-boston-celtics","8":"product_cat-conferencia-este-basketball","10":"first","11":"instock","12":"shipping-taxable","13":"purchasable","14":"product-type-simple"},"_links":{"self":[{"href":"https:\/\/tucamisetasport.com\/index.php?rest_route=\/wp\/v2\/product\/4991"}],"collection":[{"href":"https:\/\/tucamisetasport.com\/index.php?rest_route=\/wp\/v2\/product"}],"about":[{"href":"https:\/\/tucamisetasport.com\/index.php?rest_route=\/wp\/v2\/types\/product"}],"replies":[{"embeddable":true,"href":"https:\/\/tucamisetasport.com\/index.php?rest_route=%2Fwp%2Fv2%2Fcomments&post=4991"}],"wp:featuredmedia":[{"embeddable":true,"href":"https:\/\/tucamisetasport.com\/index.php?rest_route=\/wp\/v2\/media\/4992"}],"wp:attachment":[{"href":"https:\/\/tucamisetasport.com\/index.php?rest_route=%2Fwp%2Fv2%2Fmedia&parent=4991"}],"wp:term":[{"taxonomy":"product_brand","embeddable":true,"href":"https:\/\/tucamisetasport.com\/index.php?rest_route=%2Fwp%2Fv2%2Fproduct_brand&post=4991"},{"taxonomy":"product_cat","embeddable":true,"href":"https:\/\/tucamisetasport.com\/index.php?rest_route=%2Fwp%2Fv2%2Fproduct_cat&post=4991"},{"taxonomy":"product_tag","embeddable":true,"href":"https:\/\/tucamisetasport.com\/index.php?rest_route=%2Fwp%2Fv2%2Fproduct_tag&post=4991"}],"curies":[{"name":"wp","href":"https:\/\/api.w.org\/{rel}","templated":true}]}}