{"id":2997,"date":"2020-10-17T03:36:06","date_gmt":"2020-10-17T03:36:06","guid":{"rendered":"http:\/\/x6c.fb9.myftpupload.com\/?post_type=product&#038;p=2997"},"modified":"2020-10-17T03:36:08","modified_gmt":"2020-10-17T03:36:08","slug":"camiseta-local-francia-1998","status":"publish","type":"product","link":"https:\/\/tucamisetasport.com\/?product=camiseta-local-francia-1998","title":{"rendered":"CAMISETA LOCAL FRANCIA 1998"},"content":{"rendered":"<p>Una obra de arte creada para deslumbrar en el campo. Rinde homenaje a la bandera con esta camiseta de f\u00fatbol de la primera equipaci\u00f3n de Francia. Dise\u00f1ada para j\u00f3venes aficionados, esta camiseta adidas se ha confeccionado en un tejido transpirable que te mantiene c\u00f3modo y seco incluso en los momentos de mayor tensi\u00f3n.<\/p>\n<p>Camiseta disponible en versi\u00f3n player y versi\u00f3n fan.<\/p>\n<p>El dorsal tiene un precio adicional, puede ser de jugador o totalmente personalizado\u2026 Puede llevar puntos, acentos, espacios y tiene un espacio ma\u0301ximo de 10 letras.<\/p>\n<p>Parches de todas las copas disponibles adicionales.<\/p>\n<p>Disponible para caballeros, damas y ni\u00f1os.<\/p>\n<p>Tallas de la S a la 2xl (preguntar disponibilidad de tallas 3xl y 4xl).<\/p>\n<p>Composici\u00f3n: 100 % poli\u00e9ster reciclado.<\/p>\n<p>Cont\u00e1ctanos en cualquiera de nuestras redes sociales para tener la tuya!<\/p>\n","protected":false},"excerpt":{"rendered":"<p>Una obra de arte creada para deslumbrar en el campo. Rinde homenaje a la bandera con esta camiseta de f\u00fatbol de la primera equipaci\u00f3n de Francia. Dise\u00f1ada para j\u00f3venes aficionados, esta camiseta adidas se ha confeccionado en un tejido transpirable que te mantiene c\u00f3modo y seco incluso en los momentos de mayor tensi\u00f3n. Camiseta disponible [&hellip;]<\/p>\n","protected":false},"featured_media":2998,"comment_status":"open","ping_status":"closed","template":"","meta":[],"product_brand":[],"product_cat":[244,19,229],"product_tag":[],"class_list":{"0":"post-2997","1":"product","2":"type-product","3":"status-publish","4":"has-post-thumbnail","6":"product_cat-francia","7":"product_cat-futbol","8":"product_cat-selecciones","10":"first","11":"instock","12":"shipping-taxable","13":"purchasable","14":"product-type-simple"},"_links":{"self":[{"href":"https:\/\/tucamisetasport.com\/index.php?rest_route=\/wp\/v2\/product\/2997"}],"collection":[{"href":"https:\/\/tucamisetasport.com\/index.php?rest_route=\/wp\/v2\/product"}],"about":[{"href":"https:\/\/tucamisetasport.com\/index.php?rest_route=\/wp\/v2\/types\/product"}],"replies":[{"embeddable":true,"href":"https:\/\/tucamisetasport.com\/index.php?rest_route=%2Fwp%2Fv2%2Fcomments&post=2997"}],"wp:featuredmedia":[{"embeddable":true,"href":"https:\/\/tucamisetasport.com\/index.php?rest_route=\/wp\/v2\/media\/2998"}],"wp:attachment":[{"href":"https:\/\/tucamisetasport.com\/index.php?rest_route=%2Fwp%2Fv2%2Fmedia&parent=2997"}],"wp:term":[{"taxonomy":"product_brand","embeddable":true,"href":"https:\/\/tucamisetasport.com\/index.php?rest_route=%2Fwp%2Fv2%2Fproduct_brand&post=2997"},{"taxonomy":"product_cat","embeddable":true,"href":"https:\/\/tucamisetasport.com\/index.php?rest_route=%2Fwp%2Fv2%2Fproduct_cat&post=2997"},{"taxonomy":"product_tag","embeddable":true,"href":"https:\/\/tucamisetasport.com\/index.php?rest_route=%2Fwp%2Fv2%2Fproduct_tag&post=2997"}],"curies":[{"name":"wp","href":"https:\/\/api.w.org\/{rel}","templated":true}]}}