{"id":2922,"date":"2020-10-17T02:04:00","date_gmt":"2020-10-17T02:04:00","guid":{"rendered":"http:\/\/x6c.fb9.myftpupload.com\/?post_type=product&#038;p=2922"},"modified":"2020-10-17T02:04:00","modified_gmt":"2020-10-17T02:04:00","slug":"chaqueta-espana","status":"publish","type":"product","link":"https:\/\/tucamisetasport.com\/?product=chaqueta-espana","title":{"rendered":"CHAQUETA ESPA\u00d1A"},"content":{"rendered":"<p>Los campeones no nacen, se hacen. Enf\u00fandate esta chaqueta de f\u00fatbol para trabajar tu velocidad y agilidad. Su dise\u00f1o para j\u00f3venes promesas se inspira en la equipaci\u00f3n que viste la selecci\u00f3n espa\u00f1ola cuando entrena. El escudo cosido en el pecho te recuerda siempre cu\u00e1l es tu meta.<\/p>\n<p>&nbsp;<\/p>\n<p>Tallas desde la S a la 2XL<\/p>\n","protected":false},"excerpt":{"rendered":"<p>Los campeones no nacen, se hacen. Enf\u00fandate esta chaqueta de f\u00fatbol para trabajar tu velocidad y agilidad. Su dise\u00f1o para j\u00f3venes promesas se inspira en la equipaci\u00f3n que viste la selecci\u00f3n espa\u00f1ola cuando entrena. El escudo cosido en el pecho te recuerda siempre cu\u00e1l es tu meta. &nbsp; Tallas desde la S a la 2XL<\/p>\n","protected":false},"featured_media":2923,"comment_status":"open","ping_status":"closed","template":"","meta":[],"product_brand":[],"product_cat":[243,19,229],"product_tag":[],"class_list":{"0":"post-2922","1":"product","2":"type-product","3":"status-publish","4":"has-post-thumbnail","6":"product_cat-espana","7":"product_cat-futbol","8":"product_cat-selecciones","10":"first","11":"instock","12":"shipping-taxable","13":"purchasable","14":"product-type-simple"},"_links":{"self":[{"href":"https:\/\/tucamisetasport.com\/index.php?rest_route=\/wp\/v2\/product\/2922"}],"collection":[{"href":"https:\/\/tucamisetasport.com\/index.php?rest_route=\/wp\/v2\/product"}],"about":[{"href":"https:\/\/tucamisetasport.com\/index.php?rest_route=\/wp\/v2\/types\/product"}],"replies":[{"embeddable":true,"href":"https:\/\/tucamisetasport.com\/index.php?rest_route=%2Fwp%2Fv2%2Fcomments&post=2922"}],"wp:featuredmedia":[{"embeddable":true,"href":"https:\/\/tucamisetasport.com\/index.php?rest_route=\/wp\/v2\/media\/2923"}],"wp:attachment":[{"href":"https:\/\/tucamisetasport.com\/index.php?rest_route=%2Fwp%2Fv2%2Fmedia&parent=2922"}],"wp:term":[{"taxonomy":"product_brand","embeddable":true,"href":"https:\/\/tucamisetasport.com\/index.php?rest_route=%2Fwp%2Fv2%2Fproduct_brand&post=2922"},{"taxonomy":"product_cat","embeddable":true,"href":"https:\/\/tucamisetasport.com\/index.php?rest_route=%2Fwp%2Fv2%2Fproduct_cat&post=2922"},{"taxonomy":"product_tag","embeddable":true,"href":"https:\/\/tucamisetasport.com\/index.php?rest_route=%2Fwp%2Fv2%2Fproduct_tag&post=2922"}],"curies":[{"name":"wp","href":"https:\/\/api.w.org\/{rel}","templated":true}]}}