{"id":2919,"date":"2020-10-17T02:01:34","date_gmt":"2020-10-17T02:01:34","guid":{"rendered":"http:\/\/x6c.fb9.myftpupload.com\/?post_type=product&#038;p=2919"},"modified":"2020-10-17T02:01:35","modified_gmt":"2020-10-17T02:01:35","slug":"sueter-espana","status":"publish","type":"product","link":"https:\/\/tucamisetasport.com\/?product=sueter-espana","title":{"rendered":"SU\u00c9TER ESPA\u00d1A"},"content":{"rendered":"<p>Cuanto m\u00e1s entrenes, m\u00e1s dulce sabr\u00e1 la victoria. Afina tu t\u00e9cnica al estilo de la selecci\u00f3n espa\u00f1ola con esta sudadera para j\u00f3venes futbolistas. Forma parte de la equipaci\u00f3n de entrenamiento y luce el escudo del combinado en el pecho. Su tejido ligero, c\u00f3modo y transpirable mantiene la piel seca.<\/p>\n<p>&nbsp;<\/p>\n<p>Tallas desde la S a la 2XL<\/p>\n","protected":false},"excerpt":{"rendered":"<p>Cuanto m\u00e1s entrenes, m\u00e1s dulce sabr\u00e1 la victoria. Afina tu t\u00e9cnica al estilo de la selecci\u00f3n espa\u00f1ola con esta sudadera para j\u00f3venes futbolistas. Forma parte de la equipaci\u00f3n de entrenamiento y luce el escudo del combinado en el pecho. Su tejido ligero, c\u00f3modo y transpirable mantiene la piel seca. &nbsp; Tallas desde la S a [&hellip;]<\/p>\n","protected":false},"featured_media":2920,"comment_status":"open","ping_status":"closed","template":"","meta":[],"product_brand":[],"product_cat":[243,19,229],"product_tag":[],"class_list":{"0":"post-2919","1":"product","2":"type-product","3":"status-publish","4":"has-post-thumbnail","6":"product_cat-espana","7":"product_cat-futbol","8":"product_cat-selecciones","10":"first","11":"instock","12":"shipping-taxable","13":"purchasable","14":"product-type-simple"},"_links":{"self":[{"href":"https:\/\/tucamisetasport.com\/index.php?rest_route=\/wp\/v2\/product\/2919"}],"collection":[{"href":"https:\/\/tucamisetasport.com\/index.php?rest_route=\/wp\/v2\/product"}],"about":[{"href":"https:\/\/tucamisetasport.com\/index.php?rest_route=\/wp\/v2\/types\/product"}],"replies":[{"embeddable":true,"href":"https:\/\/tucamisetasport.com\/index.php?rest_route=%2Fwp%2Fv2%2Fcomments&post=2919"}],"wp:featuredmedia":[{"embeddable":true,"href":"https:\/\/tucamisetasport.com\/index.php?rest_route=\/wp\/v2\/media\/2920"}],"wp:attachment":[{"href":"https:\/\/tucamisetasport.com\/index.php?rest_route=%2Fwp%2Fv2%2Fmedia&parent=2919"}],"wp:term":[{"taxonomy":"product_brand","embeddable":true,"href":"https:\/\/tucamisetasport.com\/index.php?rest_route=%2Fwp%2Fv2%2Fproduct_brand&post=2919"},{"taxonomy":"product_cat","embeddable":true,"href":"https:\/\/tucamisetasport.com\/index.php?rest_route=%2Fwp%2Fv2%2Fproduct_cat&post=2919"},{"taxonomy":"product_tag","embeddable":true,"href":"https:\/\/tucamisetasport.com\/index.php?rest_route=%2Fwp%2Fv2%2Fproduct_tag&post=2919"}],"curies":[{"name":"wp","href":"https:\/\/api.w.org\/{rel}","templated":true}]}}