{"id":2913,"date":"2020-10-17T01:55:15","date_gmt":"2020-10-17T01:55:15","guid":{"rendered":"http:\/\/x6c.fb9.myftpupload.com\/?post_type=product&#038;p=2913"},"modified":"2020-10-17T01:55:16","modified_gmt":"2020-10-17T01:55:16","slug":"short-local-espana-2021","status":"publish","type":"product","link":"https:\/\/tucamisetasport.com\/?product=short-local-espana-2021","title":{"rendered":"SHORT LOCAL ESPA\u00d1A 2021"},"content":{"rendered":"<p>Este pantal\u00f3n corto de f\u00fatbol para j\u00f3venes aficionados se inspira en el que visten los jugadores de Espa\u00f1a cuando juegan en casa. Se ha confeccionado en un tejido suave con el escudo del combinado cosido. Su dise\u00f1o transpirable mantiene la piel seca y fresca durante todo el d\u00eda.<\/p>\n<p>&nbsp;<\/p>\n<p>Tallas desde la S a la 2XL<\/p>\n","protected":false},"excerpt":{"rendered":"<p>Este pantal\u00f3n corto de f\u00fatbol para j\u00f3venes aficionados se inspira en el que visten los jugadores de Espa\u00f1a cuando juegan en casa. Se ha confeccionado en un tejido suave con el escudo del combinado cosido. Su dise\u00f1o transpirable mantiene la piel seca y fresca durante todo el d\u00eda. &nbsp; Tallas desde la S a la [&hellip;]<\/p>\n","protected":false},"featured_media":2914,"comment_status":"open","ping_status":"closed","template":"","meta":[],"product_brand":[],"product_cat":[243,19,229],"product_tag":[],"class_list":{"0":"post-2913","1":"product","2":"type-product","3":"status-publish","4":"has-post-thumbnail","6":"product_cat-espana","7":"product_cat-futbol","8":"product_cat-selecciones","10":"first","11":"instock","12":"shipping-taxable","13":"purchasable","14":"product-type-simple"},"_links":{"self":[{"href":"https:\/\/tucamisetasport.com\/index.php?rest_route=\/wp\/v2\/product\/2913"}],"collection":[{"href":"https:\/\/tucamisetasport.com\/index.php?rest_route=\/wp\/v2\/product"}],"about":[{"href":"https:\/\/tucamisetasport.com\/index.php?rest_route=\/wp\/v2\/types\/product"}],"replies":[{"embeddable":true,"href":"https:\/\/tucamisetasport.com\/index.php?rest_route=%2Fwp%2Fv2%2Fcomments&post=2913"}],"wp:featuredmedia":[{"embeddable":true,"href":"https:\/\/tucamisetasport.com\/index.php?rest_route=\/wp\/v2\/media\/2914"}],"wp:attachment":[{"href":"https:\/\/tucamisetasport.com\/index.php?rest_route=%2Fwp%2Fv2%2Fmedia&parent=2913"}],"wp:term":[{"taxonomy":"product_brand","embeddable":true,"href":"https:\/\/tucamisetasport.com\/index.php?rest_route=%2Fwp%2Fv2%2Fproduct_brand&post=2913"},{"taxonomy":"product_cat","embeddable":true,"href":"https:\/\/tucamisetasport.com\/index.php?rest_route=%2Fwp%2Fv2%2Fproduct_cat&post=2913"},{"taxonomy":"product_tag","embeddable":true,"href":"https:\/\/tucamisetasport.com\/index.php?rest_route=%2Fwp%2Fv2%2Fproduct_tag&post=2913"}],"curies":[{"name":"wp","href":"https:\/\/api.w.org\/{rel}","templated":true}]}}