{"id":2910,"date":"2020-10-17T01:51:53","date_gmt":"2020-10-17T01:51:53","guid":{"rendered":"http:\/\/x6c.fb9.myftpupload.com\/?post_type=product&#038;p=2910"},"modified":"2020-10-17T01:51:54","modified_gmt":"2020-10-17T01:51:54","slug":"camiseta-entrenamiento-espana","status":"publish","type":"product","link":"https:\/\/tucamisetasport.com\/?product=camiseta-entrenamiento-espana","title":{"rendered":"CAMISETA ENTRENAMIENTO ESPA\u00d1A"},"content":{"rendered":"<p>En cada victoria. En cada derrota. Anima a la selecci\u00f3n espa\u00f1ola con esta camiseta de f\u00fatbol para j\u00f3venes promesas. Se ha confeccionado en un tejido transpirable que mantiene la piel seca y cuenta con detalles termotransferidos que te aportan mayor ligereza y rapidez en el terreno de juego. Los tonos pastel son el sello de un dise\u00f1o que se inspira en los colores tradicionales del combinado.<\/p>\n<p>&nbsp;<\/p>\n<p>Talla desde la S a la 2XL<\/p>\n","protected":false},"excerpt":{"rendered":"<p>En cada victoria. En cada derrota. Anima a la selecci\u00f3n espa\u00f1ola con esta camiseta de f\u00fatbol para j\u00f3venes promesas. Se ha confeccionado en un tejido transpirable que mantiene la piel seca y cuenta con detalles termotransferidos que te aportan mayor ligereza y rapidez en el terreno de juego. Los tonos pastel son el sello de [&hellip;]<\/p>\n","protected":false},"featured_media":2911,"comment_status":"open","ping_status":"closed","template":"","meta":[],"product_brand":[],"product_cat":[243,19,229],"product_tag":[],"class_list":{"0":"post-2910","1":"product","2":"type-product","3":"status-publish","4":"has-post-thumbnail","6":"product_cat-espana","7":"product_cat-futbol","8":"product_cat-selecciones","10":"first","11":"instock","12":"shipping-taxable","13":"purchasable","14":"product-type-simple"},"_links":{"self":[{"href":"https:\/\/tucamisetasport.com\/index.php?rest_route=\/wp\/v2\/product\/2910"}],"collection":[{"href":"https:\/\/tucamisetasport.com\/index.php?rest_route=\/wp\/v2\/product"}],"about":[{"href":"https:\/\/tucamisetasport.com\/index.php?rest_route=\/wp\/v2\/types\/product"}],"replies":[{"embeddable":true,"href":"https:\/\/tucamisetasport.com\/index.php?rest_route=%2Fwp%2Fv2%2Fcomments&post=2910"}],"wp:featuredmedia":[{"embeddable":true,"href":"https:\/\/tucamisetasport.com\/index.php?rest_route=\/wp\/v2\/media\/2911"}],"wp:attachment":[{"href":"https:\/\/tucamisetasport.com\/index.php?rest_route=%2Fwp%2Fv2%2Fmedia&parent=2910"}],"wp:term":[{"taxonomy":"product_brand","embeddable":true,"href":"https:\/\/tucamisetasport.com\/index.php?rest_route=%2Fwp%2Fv2%2Fproduct_brand&post=2910"},{"taxonomy":"product_cat","embeddable":true,"href":"https:\/\/tucamisetasport.com\/index.php?rest_route=%2Fwp%2Fv2%2Fproduct_cat&post=2910"},{"taxonomy":"product_tag","embeddable":true,"href":"https:\/\/tucamisetasport.com\/index.php?rest_route=%2Fwp%2Fv2%2Fproduct_tag&post=2910"}],"curies":[{"name":"wp","href":"https:\/\/api.w.org\/{rel}","templated":true}]}}