{"id":2797,"date":"2020-10-16T23:04:20","date_gmt":"2020-10-16T23:04:20","guid":{"rendered":"http:\/\/x6c.fb9.myftpupload.com\/?post_type=product&#038;p=2797"},"modified":"2020-10-16T23:08:32","modified_gmt":"2020-10-16T23:08:32","slug":"uniforme-para-nino-alemania-2021","status":"publish","type":"product","link":"https:\/\/tucamisetasport.com\/?product=uniforme-para-nino-alemania-2021","title":{"rendered":"UNIFORME PARA NI\u00d1O ALEMANIA 2021"},"content":{"rendered":"<p>Conjunto oficial de la primera equipaci\u00f3n de la Selecci\u00f3n Alemana en talla de ni\u00f1os para la Eurocopa 2021 de adidas. Equipaci\u00f3n compuesta por camisieta y pantal\u00f3n. Tejido de punto ligero y transpirable con tecnolog\u00eda transpirable AEROREADY. Escudo termotransferido en el pecho y pantal\u00f3n.<\/p>\n","protected":false},"excerpt":{"rendered":"<p>Conjunto oficial de la primera equipaci\u00f3n de la Selecci\u00f3n Alemana en talla de ni\u00f1os para la Eurocopa 2021 de adidas. Equipaci\u00f3n compuesta por camisieta y pantal\u00f3n. Tejido de punto ligero y transpirable con tecnolog\u00eda transpirable AEROREADY. Escudo termotransferido en el pecho y pantal\u00f3n.<\/p>\n","protected":false},"featured_media":2798,"comment_status":"open","ping_status":"closed","template":"","meta":[],"product_brand":[],"product_cat":[234,19,229],"product_tag":[],"class_list":{"0":"post-2797","1":"product","2":"type-product","3":"status-publish","4":"has-post-thumbnail","6":"product_cat-alemania","7":"product_cat-futbol","8":"product_cat-selecciones","10":"first","11":"instock","12":"shipping-taxable","13":"purchasable","14":"product-type-simple"},"_links":{"self":[{"href":"https:\/\/tucamisetasport.com\/index.php?rest_route=\/wp\/v2\/product\/2797"}],"collection":[{"href":"https:\/\/tucamisetasport.com\/index.php?rest_route=\/wp\/v2\/product"}],"about":[{"href":"https:\/\/tucamisetasport.com\/index.php?rest_route=\/wp\/v2\/types\/product"}],"replies":[{"embeddable":true,"href":"https:\/\/tucamisetasport.com\/index.php?rest_route=%2Fwp%2Fv2%2Fcomments&post=2797"}],"wp:featuredmedia":[{"embeddable":true,"href":"https:\/\/tucamisetasport.com\/index.php?rest_route=\/wp\/v2\/media\/2798"}],"wp:attachment":[{"href":"https:\/\/tucamisetasport.com\/index.php?rest_route=%2Fwp%2Fv2%2Fmedia&parent=2797"}],"wp:term":[{"taxonomy":"product_brand","embeddable":true,"href":"https:\/\/tucamisetasport.com\/index.php?rest_route=%2Fwp%2Fv2%2Fproduct_brand&post=2797"},{"taxonomy":"product_cat","embeddable":true,"href":"https:\/\/tucamisetasport.com\/index.php?rest_route=%2Fwp%2Fv2%2Fproduct_cat&post=2797"},{"taxonomy":"product_tag","embeddable":true,"href":"https:\/\/tucamisetasport.com\/index.php?rest_route=%2Fwp%2Fv2%2Fproduct_tag&post=2797"}],"curies":[{"name":"wp","href":"https:\/\/api.w.org\/{rel}","templated":true}]}}