{"id":1739,"date":"2020-10-07T06:20:54","date_gmt":"2020-10-07T06:20:54","guid":{"rendered":"http:\/\/x6c.fb9.myftpupload.com\/?post_type=product&#038;p=1739"},"modified":"2020-10-20T20:06:14","modified_gmt":"2020-10-20T20:06:14","slug":"camiseta-phillies-roja-2020","status":"publish","type":"product","link":"https:\/\/tucamisetasport.com\/?product=camiseta-phillies-roja-2020","title":{"rendered":"CAMISETA PHILLIES ROJA HARPER #3 2020"},"content":{"rendered":"<p>Te mereces el mismo look que tus jugadores favoritos lucen en el campo.&nbsp; Esta camiseta 2020 trae el dise\u00f1o oficial del equipo a tu guardarropa para un look siempre animado el d\u00eda del juego.&nbsp; El material de poli\u00e9ster y los elegantes gr\u00e1ficos son justo lo que cualquier fan necesita para verse y sentirse lo mejor posible.<\/p>\n<p>Cont\u00e1ctanos en cualquiera de nuestras redes sociales para tener la tuya!<\/p>\n","protected":false},"excerpt":{"rendered":"<p>Te mereces el mismo look que tus jugadores favoritos lucen en el campo.&nbsp; Esta camiseta 2020 trae el dise\u00f1o oficial del equipo a tu guardarropa para un look siempre animado el d\u00eda del juego.&nbsp; El material de poli\u00e9ster y los elegantes gr\u00e1ficos son justo lo que cualquier fan necesita para verse y sentirse lo mejor [&hellip;]<\/p>\n","protected":false},"featured_media":1740,"comment_status":"open","ping_status":"closed","template":"","meta":[],"product_brand":[],"product_cat":[195],"product_tag":[],"class_list":{"0":"post-1739","1":"product","2":"type-product","3":"status-publish","4":"has-post-thumbnail","6":"product_cat-baseball","8":"first","9":"instock","10":"shipping-taxable","11":"purchasable","12":"product-type-simple"},"_links":{"self":[{"href":"https:\/\/tucamisetasport.com\/index.php?rest_route=\/wp\/v2\/product\/1739"}],"collection":[{"href":"https:\/\/tucamisetasport.com\/index.php?rest_route=\/wp\/v2\/product"}],"about":[{"href":"https:\/\/tucamisetasport.com\/index.php?rest_route=\/wp\/v2\/types\/product"}],"replies":[{"embeddable":true,"href":"https:\/\/tucamisetasport.com\/index.php?rest_route=%2Fwp%2Fv2%2Fcomments&post=1739"}],"wp:featuredmedia":[{"embeddable":true,"href":"https:\/\/tucamisetasport.com\/index.php?rest_route=\/wp\/v2\/media\/1740"}],"wp:attachment":[{"href":"https:\/\/tucamisetasport.com\/index.php?rest_route=%2Fwp%2Fv2%2Fmedia&parent=1739"}],"wp:term":[{"taxonomy":"product_brand","embeddable":true,"href":"https:\/\/tucamisetasport.com\/index.php?rest_route=%2Fwp%2Fv2%2Fproduct_brand&post=1739"},{"taxonomy":"product_cat","embeddable":true,"href":"https:\/\/tucamisetasport.com\/index.php?rest_route=%2Fwp%2Fv2%2Fproduct_cat&post=1739"},{"taxonomy":"product_tag","embeddable":true,"href":"https:\/\/tucamisetasport.com\/index.php?rest_route=%2Fwp%2Fv2%2Fproduct_tag&post=1739"}],"curies":[{"name":"wp","href":"https:\/\/api.w.org\/{rel}","templated":true}]}}